{"id":2720,"date":"2018-07-27T15:47:08","date_gmt":"2018-07-27T15:47:08","guid":{"rendered":"https:\/\/educa.policia.edu.co\/ecsan\/?page_id=2720"},"modified":"2019-05-29T15:28:30","modified_gmt":"2019-05-29T15:28:30","slug":"directora","status":"publish","type":"page","link":"https:\/\/policia.edu.co\/ecsan\/directora\/","title":{"rendered":"DIRECCI\u00d3N"},"content":{"rendered":"[vc_row type=\u00bbin_container\u00bb full_screen_row_position=\u00bbmiddle\u00bb scene_position=\u00bbcenter\u00bb text_color=\u00bbdark\u00bb text_align=\u00bbleft\u00bb overlay_strength=\u00bb0.3&#8243; shape_divider_position=\u00bbbottom\u00bb][vc_column centered_text=\u00bbtrue\u00bb column_padding=\u00bbno-extra-padding\u00bb column_padding_position=\u00bball\u00bb background_color_opacity=\u00bb1&#8243; background_hover_color_opacity=\u00bb1&#8243; column_shadow=\u00bbnone\u00bb column_border_radius=\u00bbnone\u00bb width=\u00bb1\/1&#8243; tablet_text_alignment=\u00bbdefault\u00bb phone_text_alignment=\u00bbdefault\u00bb column_border_width=\u00bbnone\u00bb column_border_style=\u00bbsolid\u00bb]<div class=\"img-with-aniamtion-wrap \" data-max-width=\"100%\" data-border-radius=\"none\"><div class=\"inner\"><img data-shadow=\"none\" data-shadow-direction=\"middle\" class=\"img-with-animation \" data-delay=\"0\" height=\"578\" width=\"400\" data-animation=\"fade-in\" src=\"https:\/\/policia.edu.co\/ecsan\/wp-content\/uploads\/2019\/05\/director-de-escuela-cr-franco.png\" srcset=\"https:\/\/policia.edu.co\/ecsan\/wp-content\/uploads\/2019\/05\/director-de-escuela-cr-franco.png 400w, https:\/\/policia.edu.co\/ecsan\/wp-content\/uploads\/2019\/05\/director-de-escuela-cr-franco-208x300.png 208w\" sizes=\"100vw\" alt=\"\" \/><\/div><\/div>[\/vc_column][\/vc_row][vc_row type=\u00bbin_container\u00bb full_screen_row_position=\u00bbmiddle\u00bb scene_position=\u00bbcenter\u00bb text_color=\u00bbdark\u00bb text_align=\u00bbleft\u00bb overlay_strength=\u00bb0.3&#8243; shape_divider_position=\u00bbbottom\u00bb][vc_column enable_animation=\u00bbtrue\u00bb animation=\u00bbgrow-in\u00bb centered_text=\u00bbtrue\u00bb column_padding=\u00bbno-extra-padding\u00bb column_padding_position=\u00bball\u00bb background_color_opacity=\u00bb1&#8243; background_hover_color_opacity=\u00bb1&#8243; column_shadow=\u00bbnone\u00bb column_border_radius=\u00bbnone\u00bb width=\u00bb1\/1&#8243; tablet_text_alignment=\u00bbdefault\u00bb phone_text_alignment=\u00bbdefault\u00bb column_border_width=\u00bbnone\u00bb column_border_style=\u00bbsolid\u00bb]<div class=\"divider-wrap\"><div style=\"margin-top: 12px; width: 800px; height: 2px; margin-bottom: 12px;\" data-width=\"800\" data-animate=\"\" data-animation-delay=\"\" data-color=\"accent-color\" class=\"divider-small-border\"><\/div><\/div>[\/vc_column][\/vc_row][vc_row type=\u00bbin_container\u00bb full_screen_row_position=\u00bbmiddle\u00bb scene_position=\u00bbcenter\u00bb text_color=\u00bbdark\u00bb text_align=\u00bbleft\u00bb overlay_strength=\u00bb0.3&#8243; shape_divider_position=\u00bbbottom\u00bb][vc_column column_padding=\u00bbno-extra-padding\u00bb column_padding_position=\u00bball\u00bb background_color_opacity=\u00bb1&#8243; background_hover_color_opacity=\u00bb1&#8243; column_shadow=\u00bbnone\u00bb column_border_radius=\u00bbnone\u00bb width=\u00bb1\/1&#8243; tablet_text_alignment=\u00bbdefault\u00bb phone_text_alignment=\u00bbdefault\u00bb column_border_width=\u00bbnone\u00bb column_border_style=\u00bbsolid\u00bb][vc_column_text css_animation=\u00bbfadeInUp\u00bb]\n<h3 style=\"text-align: center;\">Trayectoria<\/h3>\n<div class=\"field field-name-field-body field-type-text-long field-label-hidden\">\n<p style=\"text-align: justify;\">El oficial, lleva 29 a\u00f1os de servicio en la Polic\u00eda Nacional de Colombia, ostenta los t\u00edtulos profesionales de administrador policial y criminal\u00edstica, especialista en seguridad integral, maestr\u00eda en pensamiento estrat\u00e9gico y prospectiva y maestr\u00eda en gesti\u00f3n de calidad y excelencia de las organizaciones; part\u00edcipe de grandes acciones contra el narcotr\u00e1fico en grupos especiales con autoridades de Italia, Francia, Holanda, Espa\u00f1a, Australia y Estados Unidos. Su trayectoria policial al servicio de la comunidad comenz\u00f3 en 1991, cuando en el grado de subteniente asumi\u00f3 como comandante del Escuadr\u00f3n Motorizado en un Departamento de Polic\u00eda. Tres a\u00f1os m\u00e1s tarde pas\u00f3 a la Direcci\u00f3n de Investigaci\u00f3n Criminal e Interpol (DIJIN), donde se desempe\u00f1\u00f3 como jefe de gabinete de qu\u00edmica, documentolog\u00eda y bal\u00edstica e investigador de homicidios y hurto de automotores.<\/p>\n<p style=\"text-align: justify;\">Para 1999, ya como capit\u00e1n, se convirti\u00f3 en el Jefe de Asuntos Internacionales de la Direcci\u00f3n Antinarc\u00f3ticos y luego, en el grado de mayor, asumi\u00f3 como Jefe Regional de Investigaci\u00f3n Criminal de la Zona Norte del pa\u00eds, donde conform\u00f3 un grupo especial de trabajo con la DEA, durante seis a\u00f1os. En 2009, el oficial pas\u00f3 a la Oficina de Planeaci\u00f3n como Jefe del Centro de Pensamiento y Doctrina en donde fue coautor de la doctrina institucional, contenida en los reglamentos, tomos y manuales que han documentado los diferentes procesos y procedimientos de la Instituci\u00f3n. En 2012 lider\u00f3 uno de los retos y responsabilidades m\u00e1s importantes dentro de la Polic\u00eda Nacional, como es la jefatura de la Oficina de Comunicaciones Estrat\u00e9gicas (COEST), convirti\u00e9ndose en precursor de un modelo de comunicaci\u00f3n, denominado \u201c<strong><em>La Comunicaci\u00f3n Vinculante<\/em>\u201d,<\/strong>\u00a0que se sustenta en la humanizaci\u00f3n de la imagen institucional y de la informaci\u00f3n misma, haciendo part\u00edcipes a cada uno de los 187 mil polic\u00edas de la patria y a todos los ciudadanos colombianos.<\/p>\n<p style=\"text-align: justify;\">En el 2015 la Direcci\u00f3n General lo design\u00f3 Comandante del Departamento de Polic\u00eda Santander en donde implement\u00f3 el Sistema de Seguridad Rural (SISER), un modelo de seguridad para el posconflicto, en el 2017 se desempe\u00f1\u00f3 como Agregado de Polic\u00eda ante la Embajada de Colombia en Argentina. En el 2018 asumi\u00f3 la Subdirecci\u00f3n de Bienestar Social, donde lider\u00f3 la implementaci\u00f3n del Sistema de Atenci\u00f3n Integral a la familia policial, el cual busca reducir el riesgo psicosocial del uniformado y su familia, contribuyendo as\u00ed a mejorar las condiciones de calidad de vida de los miembros de la Polic\u00eda Nacional. Desde el 24 de enero de 2019 se encuentra dirigiendo la formaci\u00f3n de los futuros l\u00edderes institucionales como profesionales integrales preparados para asumir los retos y desaf\u00edos que d\u00eda a d\u00eda impone el servicio\u00a0 a la ciudadan\u00eda.<\/p>\n<\/div>\n[\/vc_column_text][\/vc_column][\/vc_row]\n\n<div class=\"twitter-share\"><a href=\"https:\/\/twitter.com\/intent\/tweet?via=EscuelaDCadetes\" class=\"twitter-share-button\" data-size=\"large\">Twittear<\/a><\/div>\n","protected":false},"excerpt":{"rendered":"<p>[vc_row type=\u00bbin_container\u00bb full_screen_row_position=\u00bbmiddle\u00bb scene_position=\u00bbcenter\u00bb text_color=\u00bbdark\u00bb text_align=\u00bbleft\u00bb overlay_strength=\u00bb0.3&#8243; shape_divider_position=\u00bbbottom\u00bb][vc_column centered_text=\u00bbtrue\u00bb column_padding=\u00bbno-extra-padding\u00bb column_padding_position=\u00bball\u00bb background_color_opacity=\u00bb1&#8243; background_hover_color_opacity=\u00bb1&#8243; column_shadow=\u00bbnone\u00bb column_border_radius=\u00bbnone\u00bb width=\u00bb1\/1&#8243; tablet_text_alignment=\u00bbdefault\u00bb phone_text_alignment=\u00bbdefault\u00bb column_border_width=\u00bbnone\u00bb column_border_style=\u00bbsolid\u00bb][\/vc_column][\/vc_row][vc_row type=\u00bbin_container\u00bb full_screen_row_position=\u00bbmiddle\u00bb scene_position=\u00bbcenter\u00bb text_color=\u00bbdark\u00bb text_align=\u00bbleft\u00bb overlay_strength=\u00bb0.3&#8243; shape_divider_position=\u00bbbottom\u00bb][vc_column enable_animation=\u00bbtrue\u00bb animation=\u00bbgrow-in\u00bb centered_text=\u00bbtrue\u00bb&#8230;<\/p>\n","protected":false},"author":1,"featured_media":0,"parent":0,"menu_order":0,"comment_status":"closed","ping_status":"closed","template":"","meta":[],"_links":{"self":[{"href":"https:\/\/policia.edu.co\/ecsan\/wp-json\/wp\/v2\/pages\/2720"}],"collection":[{"href":"https:\/\/policia.edu.co\/ecsan\/wp-json\/wp\/v2\/pages"}],"about":[{"href":"https:\/\/policia.edu.co\/ecsan\/wp-json\/wp\/v2\/types\/page"}],"author":[{"embeddable":true,"href":"https:\/\/policia.edu.co\/ecsan\/wp-json\/wp\/v2\/users\/1"}],"replies":[{"embeddable":true,"href":"https:\/\/policia.edu.co\/ecsan\/wp-json\/wp\/v2\/comments?post=2720"}],"version-history":[{"count":11,"href":"https:\/\/policia.edu.co\/ecsan\/wp-json\/wp\/v2\/pages\/2720\/revisions"}],"predecessor-version":[{"id":4664,"href":"https:\/\/policia.edu.co\/ecsan\/wp-json\/wp\/v2\/pages\/2720\/revisions\/4664"}],"wp:attachment":[{"href":"https:\/\/policia.edu.co\/ecsan\/wp-json\/wp\/v2\/media?parent=2720"}],"curies":[{"name":"wp","href":"https:\/\/api.w.org\/{rel}","templated":true}]}}