{"id":2758,"date":"2018-07-27T16:07:46","date_gmt":"2018-07-27T16:07:46","guid":{"rendered":"https:\/\/educa.policia.edu.co\/ecsan\/?page_id=2758"},"modified":"2018-08-16T21:19:07","modified_gmt":"2018-08-16T21:19:07","slug":"publicaciones","status":"publish","type":"page","link":"https:\/\/policia.edu.co\/ecsan\/publicaciones\/","title":{"rendered":"PUBLICACIONES"},"content":{"rendered":"[vc_row type=\u00bbfull_width_background\u00bb full_screen_row_position=\u00bbmiddle\u00bb mouse_based_parallax_bg=\u00bbtrue\u00bb scene_position=\u00bbcenter\u00bb layer_one_image=\u00bb3455&#8243; text_color=\u00bbdark\u00bb text_align=\u00bbleft\u00bb top_padding=\u00bb22%\u00bb bottom_padding=\u00bb18%\u00bb overlay_strength=\u00bb0.3&#8243; shape_divider_position=\u00bbbottom\u00bb shape_type=\u00bb\u00bb][vc_column column_padding=\u00bbno-extra-padding\u00bb column_padding_position=\u00bball\u00bb background_color_opacity=\u00bb1&#8243; background_hover_color_opacity=\u00bb1&#8243; column_shadow=\u00bbnone\u00bb column_border_radius=\u00bbnone\u00bb width=\u00bb1\/1&#8243; tablet_text_alignment=\u00bbdefault\u00bb phone_text_alignment=\u00bbdefault\u00bb column_border_width=\u00bbnone\u00bb column_border_style=\u00bbsolid\u00bb][\/vc_column][\/vc_row][vc_row type=\u00bbin_container\u00bb full_screen_row_position=\u00bbmiddle\u00bb scene_position=\u00bbcenter\u00bb text_color=\u00bbdark\u00bb text_align=\u00bbleft\u00bb overlay_strength=\u00bb0.3&#8243; shape_divider_position=\u00bbbottom\u00bb][vc_column column_padding=\u00bbno-extra-padding\u00bb column_padding_position=\u00bball\u00bb background_color_opacity=\u00bb1&#8243; background_hover_color_opacity=\u00bb1&#8243; column_shadow=\u00bbnone\u00bb column_border_radius=\u00bbnone\u00bb width=\u00bb1\/1&#8243; tablet_text_alignment=\u00bbdefault\u00bb phone_text_alignment=\u00bbdefault\u00bb column_border_width=\u00bbnone\u00bb column_border_style=\u00bbsolid\u00bb]<div class=\"divider-wrap\"><div style=\"height: 20px;\" class=\"divider\"><\/div><\/div>[\/vc_column][\/vc_row][vc_row type=\u00bbin_container\u00bb full_screen_row_position=\u00bbmiddle\u00bb scene_position=\u00bbcenter\u00bb text_color=\u00bbdark\u00bb text_align=\u00bbleft\u00bb overlay_strength=\u00bb0.3&#8243; shape_divider_position=\u00bbbottom\u00bb][vc_column column_padding=\u00bbno-extra-padding\u00bb column_padding_position=\u00bball\u00bb background_color_opacity=\u00bb1&#8243; background_hover_color_opacity=\u00bb1&#8243; column_shadow=\u00bbnone\u00bb column_border_radius=\u00bbnone\u00bb width=\u00bb1\/1&#8243; tablet_text_alignment=\u00bbdefault\u00bb phone_text_alignment=\u00bbdefault\u00bb column_border_width=\u00bbnone\u00bb column_border_style=\u00bbsolid\u00bb]\t\r\n\t<div class=\"row\">\r\n\t\r\n\t <div class=\"post-area col  span_12 col_last masonry auto_meta_overlaid_spaced  \" data-ams=\"\"> <div class=\"posts-container\" data-load-animation=\"none\">\t\t\t\t\r\n\t\t\t\t\r\n<article id=\"post-3451\" class=\"regular post-3451 post type-post status-publish format-standard has-post-thumbnail hentry category-publicaciones\">\r\n\r\n\t<div class=\"inner-wrap animated\">\r\n\r\n\t\t<div class=\"post-content\">\r\n\t\t\t\r\n\t\t\t\t\t\t\t\r\n\t\t\t\t\t\t\t\t\r\n\t\t\t\t\t\t\t\t\r\n\t\t\t\t\t\t\r\n\t\t\t\r\n\r\n\t\t\t\r\n\t\t\t\t<div class=\"content-inner\">\r\n\t\t\t\t\t\r\n\t\t\t\t\t<a href=\"https:\/\/policia.edu.co\/ecsan\/2018\/08\/16\/la-formacion-del-oficial-de-policia-en-colombia-autoridad-y-liderazgo\/\"><\/a><span class=\"post-featured-img\" style=\"background-image: url(https:\/\/policia.edu.co\/ecsan\/wp-content\/uploads\/2018\/08\/La-Formacio\u0301n-del-Oficial-de-Polici\u0301a-en-Colombia.jpg);\"><\/span>\t\t\t\t\t\r\n\t\t\t\t\t\t\t\t\t\t\t\r\n\t\t\t\t\t\t\r\n\t\t\t\t\t\t\t\r\n\t\t\t\t\t\t\r\n\t\t\t\t\t\t<div class=\"article-content-wrap\">\r\n\t\t\t\t\t\t\t\r\n\t\t\t\t\t\t\t<span class=\"meta-category\"><a class=\"publicaciones\" href=\"https:\/\/policia.edu.co\/ecsan\/category\/publicaciones\/\">publicaciones<\/a><\/span>\t\t\t\t\t\t\t\t\t\t\t\r\n\t\t\t\t\t\t\t<div class=\"post-header\">\r\n\t\t\t\t\t\t\t\t\t\r\n\t\t\t\t\t\t\t\t<h3 class=\"title\">\r\n\t\t\t\t\t\t\t\t\t \r\n\t\t\t\t\t\t\t\t\t\t<a href=\"https:\/\/policia.edu.co\/ecsan\/2018\/08\/16\/la-formacion-del-oficial-de-policia-en-colombia-autoridad-y-liderazgo\/\">\t\t\t\t\t\t\t\t\t\t\tLa Formaci\u00f3n del Oficial de Polic\u00eda en Colombia: AUTORIDAD Y LIDERAZGO\t\t\t\t\t\t\t\t\t\t <\/a> \r\n\t\t\t\t\t\t\t\t\t\t\t\t\t\t\t\t\t<\/h3>\r\n\r\n\t\t\t\t\t\t\t\t \r\n\t\t\t\t\t\t\t\t\t<span class=\"meta-author\"><span>By<\/span> <a href=\"https:\/\/policia.edu.co\/ecsan\/author\/admin\/\" title=\"Entradas de admin\" rel=\"author\">admin<\/a><\/span> <span class=\"meta-category\">| <a href=\"https:\/\/policia.edu.co\/ecsan\/category\/publicaciones\/\">publicaciones<\/a><\/span> \r\n\t\t\t\t\t\t\t\t\r\n\t\t\t\t\t\t\t\t\t\t\t\t\t\t\t\t\t\t\t<span class=\"meta-comment-count\">| <a href=\"https:\/\/policia.edu.co\/ecsan\/2018\/08\/16\/la-formacion-del-oficial-de-policia-en-colombia-autoridad-y-liderazgo\/#respond\">\r\n\t\t\t\t\t\t\t\t\t\t\tNo Comments<\/a>\r\n\t\t\t\t\t\t\t\t\t\t<\/span>\r\n\t\t\t\t\t\t\t\t\t\r\n\t\t\t\t\t\t\t\t\t\t\t\t\t\t\t<\/div><!--\/post-header-->\r\n\t\t\t\t\t\t\t\t\t\t\t\t\t\r\n\t\t\t\t\t\t<\/div><!--article-content-wrap-->\r\n\r\n\t\t\t\t\t\t\t\t\t\t\r\n\t\t\t\t   \r\n\t\t\t\t\t\t\t\t\t\t\r\n\t\t\t\t\t\t\t\t\t\t\t\r\n\t\t\t\t<\/div><!--\/content-inner-->\r\n\r\n\t\t\t\t\t\t\r\n\t\t<\/div><!--\/post-content-->\r\n\r\n\t<\/div><!--\/inner-wrap-->\r\n\t\t\r\n<\/article><!--\/article-->\r\n\t\t\t\t\t\t\t\r\n\t\t\t\t\r\n<article id=\"post-3447\" class=\"regular post-3447 post type-post status-publish format-standard has-post-thumbnail hentry category-publicaciones\">\r\n\r\n\t<div class=\"inner-wrap animated\">\r\n\r\n\t\t<div class=\"post-content\">\r\n\t\t\t\r\n\t\t\t\t\t\t\t\r\n\t\t\t\t\t\t\t\t\r\n\t\t\t\t\t\t\t\t\r\n\t\t\t\t\t\t\r\n\t\t\t\r\n\r\n\t\t\t\r\n\t\t\t\t<div class=\"content-inner\">\r\n\t\t\t\t\t\r\n\t\t\t\t\t<a href=\"https:\/\/policia.edu.co\/ecsan\/2018\/08\/16\/reconstruccion-historica-del-papel-de-la-mujer-policia-en-el-conflicto-armado-en-colombia\/\"><\/a><span class=\"post-featured-img\" style=\"background-image: url(https:\/\/policia.edu.co\/ecsan\/wp-content\/uploads\/2018\/08\/Reconstruccio\u0301n-histo\u0301rica-del-papel-de-la-mujer-....jpg);\"><\/span>\t\t\t\t\t\r\n\t\t\t\t\t\t\t\t\t\t\t\r\n\t\t\t\t\t\t\r\n\t\t\t\t\t\t\t\r\n\t\t\t\t\t\t\r\n\t\t\t\t\t\t<div class=\"article-content-wrap\">\r\n\t\t\t\t\t\t\t\r\n\t\t\t\t\t\t\t<span class=\"meta-category\"><a class=\"publicaciones\" href=\"https:\/\/policia.edu.co\/ecsan\/category\/publicaciones\/\">publicaciones<\/a><\/span>\t\t\t\t\t\t\t\t\t\t\t\r\n\t\t\t\t\t\t\t<div class=\"post-header\">\r\n\t\t\t\t\t\t\t\t\t\r\n\t\t\t\t\t\t\t\t<h3 class=\"title\">\r\n\t\t\t\t\t\t\t\t\t \r\n\t\t\t\t\t\t\t\t\t\t<a href=\"https:\/\/policia.edu.co\/ecsan\/2018\/08\/16\/reconstruccion-historica-del-papel-de-la-mujer-policia-en-el-conflicto-armado-en-colombia\/\">\t\t\t\t\t\t\t\t\t\t\tReconstrucci\u00f3n hist\u00f3rica del papel de la mujer polic\u00eda en el conflicto armado en Colombia\t\t\t\t\t\t\t\t\t\t <\/a> \r\n\t\t\t\t\t\t\t\t\t\t\t\t\t\t\t\t\t<\/h3>\r\n\r\n\t\t\t\t\t\t\t\t \r\n\t\t\t\t\t\t\t\t\t<span class=\"meta-author\"><span>By<\/span> <a href=\"https:\/\/policia.edu.co\/ecsan\/author\/admin\/\" title=\"Entradas de admin\" rel=\"author\">admin<\/a><\/span> <span class=\"meta-category\">| <a href=\"https:\/\/policia.edu.co\/ecsan\/category\/publicaciones\/\">publicaciones<\/a><\/span> \r\n\t\t\t\t\t\t\t\t\r\n\t\t\t\t\t\t\t\t\t\t\t\t\t\t\t\t\t\t\t<span class=\"meta-comment-count\">| <a href=\"https:\/\/policia.edu.co\/ecsan\/2018\/08\/16\/reconstruccion-historica-del-papel-de-la-mujer-policia-en-el-conflicto-armado-en-colombia\/#respond\">\r\n\t\t\t\t\t\t\t\t\t\t\tNo Comments<\/a>\r\n\t\t\t\t\t\t\t\t\t\t<\/span>\r\n\t\t\t\t\t\t\t\t\t\r\n\t\t\t\t\t\t\t\t\t\t\t\t\t\t\t<\/div><!--\/post-header-->\r\n\t\t\t\t\t\t\t\t\t\t\t\t\t\r\n\t\t\t\t\t\t<\/div><!--article-content-wrap-->\r\n\r\n\t\t\t\t\t\t\t\t\t\t\r\n\t\t\t\t   \r\n\t\t\t\t\t\t\t\t\t\t\r\n\t\t\t\t\t\t\t\t\t\t\t\r\n\t\t\t\t<\/div><!--\/content-inner-->\r\n\r\n\t\t\t\t\t\t\r\n\t\t<\/div><!--\/post-content-->\r\n\r\n\t<\/div><!--\/inner-wrap-->\r\n\t\t\r\n<\/article><!--\/article-->\r\n\t\t\t\t\t\t\t\r\n\t\t\t\t\r\n<article id=\"post-3445\" class=\"regular post-3445 post type-post status-publish format-standard has-post-thumbnail hentry category-publicaciones\">\r\n\r\n\t<div class=\"inner-wrap animated\">\r\n\r\n\t\t<div class=\"post-content\">\r\n\t\t\t\r\n\t\t\t\t\t\t\t\r\n\t\t\t\t\t\t\t\t\r\n\t\t\t\t\t\t\t\t\r\n\t\t\t\t\t\t\r\n\t\t\t\r\n\r\n\t\t\t\r\n\t\t\t\t<div class=\"content-inner\">\r\n\t\t\t\t\t\r\n\t\t\t\t\t<a href=\"https:\/\/policia.edu.co\/ecsan\/2018\/08\/16\/formacion-de-competencias-comunicativas-para-el-manejo-estrategico-de-la-comunicacion-publica-en-los-futuros-oficiales-de-la-policia-nacional\/\"><\/a><span class=\"post-featured-img\" style=\"background-image: url(https:\/\/policia.edu.co\/ecsan\/wp-content\/uploads\/2018\/08\/Formacio\u0301n-de-Competencias-Comunicativas-....jpg);\"><\/span>\t\t\t\t\t\r\n\t\t\t\t\t\t\t\t\t\t\t\r\n\t\t\t\t\t\t\r\n\t\t\t\t\t\t\t\r\n\t\t\t\t\t\t\r\n\t\t\t\t\t\t<div class=\"article-content-wrap\">\r\n\t\t\t\t\t\t\t\r\n\t\t\t\t\t\t\t<span class=\"meta-category\"><a class=\"publicaciones\" href=\"https:\/\/policia.edu.co\/ecsan\/category\/publicaciones\/\">publicaciones<\/a><\/span>\t\t\t\t\t\t\t\t\t\t\t\r\n\t\t\t\t\t\t\t<div class=\"post-header\">\r\n\t\t\t\t\t\t\t\t\t\r\n\t\t\t\t\t\t\t\t<h3 class=\"title\">\r\n\t\t\t\t\t\t\t\t\t \r\n\t\t\t\t\t\t\t\t\t\t<a href=\"https:\/\/policia.edu.co\/ecsan\/2018\/08\/16\/formacion-de-competencias-comunicativas-para-el-manejo-estrategico-de-la-comunicacion-publica-en-los-futuros-oficiales-de-la-policia-nacional\/\">\t\t\t\t\t\t\t\t\t\t\tFormaci\u00f3n de Competencias Comunicativas para el Manejo Estrat\u00e9gico de la Comunicaci\u00f3n P\u00fablica en los Futuros Oficiales de la Polic\u00eda Nacional\t\t\t\t\t\t\t\t\t\t <\/a> \r\n\t\t\t\t\t\t\t\t\t\t\t\t\t\t\t\t\t<\/h3>\r\n\r\n\t\t\t\t\t\t\t\t \r\n\t\t\t\t\t\t\t\t\t<span class=\"meta-author\"><span>By<\/span> <a href=\"https:\/\/policia.edu.co\/ecsan\/author\/admin\/\" title=\"Entradas de admin\" rel=\"author\">admin<\/a><\/span> <span class=\"meta-category\">| <a href=\"https:\/\/policia.edu.co\/ecsan\/category\/publicaciones\/\">publicaciones<\/a><\/span> \r\n\t\t\t\t\t\t\t\t\r\n\t\t\t\t\t\t\t\t\t\t\t\t\t\t\t\t\t\t\t<span class=\"meta-comment-count\">| <a href=\"https:\/\/policia.edu.co\/ecsan\/2018\/08\/16\/formacion-de-competencias-comunicativas-para-el-manejo-estrategico-de-la-comunicacion-publica-en-los-futuros-oficiales-de-la-policia-nacional\/#respond\">\r\n\t\t\t\t\t\t\t\t\t\t\tNo Comments<\/a>\r\n\t\t\t\t\t\t\t\t\t\t<\/span>\r\n\t\t\t\t\t\t\t\t\t\r\n\t\t\t\t\t\t\t\t\t\t\t\t\t\t\t<\/div><!--\/post-header-->\r\n\t\t\t\t\t\t\t\t\t\t\t\t\t\r\n\t\t\t\t\t\t<\/div><!--article-content-wrap-->\r\n\r\n\t\t\t\t\t\t\t\t\t\t\r\n\t\t\t\t   \r\n\t\t\t\t\t\t\t\t\t\t\r\n\t\t\t\t\t\t\t\t\t\t\t\r\n\t\t\t\t<\/div><!--\/content-inner-->\r\n\r\n\t\t\t\t\t\t\r\n\t\t<\/div><!--\/post-content-->\r\n\r\n\t<\/div><!--\/inner-wrap-->\r\n\t\t\r\n<\/article><!--\/article-->\r\n\t\t\t\t\t\t\t\r\n\t\t\t\t\r\n<article id=\"post-3443\" class=\"regular post-3443 post type-post status-publish format-standard has-post-thumbnail hentry category-publicaciones\">\r\n\r\n\t<div class=\"inner-wrap animated\">\r\n\r\n\t\t<div class=\"post-content\">\r\n\t\t\t\r\n\t\t\t\t\t\t\t\r\n\t\t\t\t\t\t\t\t\r\n\t\t\t\t\t\t\t\t\r\n\t\t\t\t\t\t\r\n\t\t\t\r\n\r\n\t\t\t\r\n\t\t\t\t<div class=\"content-inner\">\r\n\t\t\t\t\t\r\n\t\t\t\t\t<a href=\"https:\/\/policia.edu.co\/ecsan\/2018\/08\/16\/la-mediacion-como-herramienta-de-paz-en-el-servicio-de-policia\/\"><\/a><span class=\"post-featured-img\" style=\"background-image: url(https:\/\/policia.edu.co\/ecsan\/wp-content\/uploads\/2018\/08\/La-mediacio\u0301n-como-herramienta-de-paz-en-el-servicio-de-polici\u0301a.jpg);\"><\/span>\t\t\t\t\t\r\n\t\t\t\t\t\t\t\t\t\t\t\r\n\t\t\t\t\t\t\r\n\t\t\t\t\t\t\t\r\n\t\t\t\t\t\t\r\n\t\t\t\t\t\t<div class=\"article-content-wrap\">\r\n\t\t\t\t\t\t\t\r\n\t\t\t\t\t\t\t<span class=\"meta-category\"><a class=\"publicaciones\" href=\"https:\/\/policia.edu.co\/ecsan\/category\/publicaciones\/\">publicaciones<\/a><\/span>\t\t\t\t\t\t\t\t\t\t\t\r\n\t\t\t\t\t\t\t<div class=\"post-header\">\r\n\t\t\t\t\t\t\t\t\t\r\n\t\t\t\t\t\t\t\t<h3 class=\"title\">\r\n\t\t\t\t\t\t\t\t\t \r\n\t\t\t\t\t\t\t\t\t\t<a href=\"https:\/\/policia.edu.co\/ecsan\/2018\/08\/16\/la-mediacion-como-herramienta-de-paz-en-el-servicio-de-policia\/\">\t\t\t\t\t\t\t\t\t\t\tLa mediaci\u00f3n como herramienta de paz en el servicio de polic\u00eda\t\t\t\t\t\t\t\t\t\t <\/a> \r\n\t\t\t\t\t\t\t\t\t\t\t\t\t\t\t\t\t<\/h3>\r\n\r\n\t\t\t\t\t\t\t\t \r\n\t\t\t\t\t\t\t\t\t<span class=\"meta-author\"><span>By<\/span> <a href=\"https:\/\/policia.edu.co\/ecsan\/author\/admin\/\" title=\"Entradas de admin\" rel=\"author\">admin<\/a><\/span> <span class=\"meta-category\">| <a href=\"https:\/\/policia.edu.co\/ecsan\/category\/publicaciones\/\">publicaciones<\/a><\/span> \r\n\t\t\t\t\t\t\t\t\r\n\t\t\t\t\t\t\t\t\t\t\t\t\t\t\t\t\t\t\t<span class=\"meta-comment-count\">| <a href=\"https:\/\/policia.edu.co\/ecsan\/2018\/08\/16\/la-mediacion-como-herramienta-de-paz-en-el-servicio-de-policia\/#respond\">\r\n\t\t\t\t\t\t\t\t\t\t\tNo Comments<\/a>\r\n\t\t\t\t\t\t\t\t\t\t<\/span>\r\n\t\t\t\t\t\t\t\t\t\r\n\t\t\t\t\t\t\t\t\t\t\t\t\t\t\t<\/div><!--\/post-header-->\r\n\t\t\t\t\t\t\t\t\t\t\t\t\t\r\n\t\t\t\t\t\t<\/div><!--article-content-wrap-->\r\n\r\n\t\t\t\t\t\t\t\t\t\t\r\n\t\t\t\t   \r\n\t\t\t\t\t\t\t\t\t\t\r\n\t\t\t\t\t\t\t\t\t\t\t\r\n\t\t\t\t<\/div><!--\/content-inner-->\r\n\r\n\t\t\t\t\t\t\r\n\t\t<\/div><!--\/post-content-->\r\n\r\n\t<\/div><!--\/inner-wrap-->\r\n\t\t\r\n<\/article><!--\/article-->\r\n\t\t\t\t\t\t\r\n\t\t\t<\/div><!--\/posts container-->\r\n\t\t\t\r\n\t\t\t\t\t\r\n\t\t<\/div><!--\/span_9-->\r\n\t\t\r\n\t\t\r\n\t<\/div>\r\n\t\r\n\t[\/vc_column][\/vc_row]\n\n<div class=\"twitter-share\"><a href=\"https:\/\/twitter.com\/intent\/tweet?via=EscuelaDCadetes\" class=\"twitter-share-button\" data-size=\"large\">Twittear<\/a><\/div>\n","protected":false},"excerpt":{"rendered":"<p>[vc_row type=\u00bbfull_width_background\u00bb full_screen_row_position=\u00bbmiddle\u00bb mouse_based_parallax_bg=\u00bbtrue\u00bb scene_position=\u00bbcenter\u00bb layer_one_image=\u00bb3455&#8243; text_color=\u00bbdark\u00bb text_align=\u00bbleft\u00bb top_padding=\u00bb22%\u00bb bottom_padding=\u00bb18%\u00bb overlay_strength=\u00bb0.3&#8243; shape_divider_position=\u00bbbottom\u00bb shape_type=\u00bb\u00bb][vc_column column_padding=\u00bbno-extra-padding\u00bb column_padding_position=\u00bball\u00bb background_color_opacity=\u00bb1&#8243; background_hover_color_opacity=\u00bb1&#8243; column_shadow=\u00bbnone\u00bb column_border_radius=\u00bbnone\u00bb width=\u00bb1\/1&#8243; tablet_text_alignment=\u00bbdefault\u00bb phone_text_alignment=\u00bbdefault\u00bb column_border_width=\u00bbnone\u00bb column_border_style=\u00bbsolid\u00bb][\/vc_column][\/vc_row][vc_row type=\u00bbin_container\u00bb full_screen_row_position=\u00bbmiddle\u00bb scene_position=\u00bbcenter\u00bb text_color=\u00bbdark\u00bb text_align=\u00bbleft\u00bb overlay_strength=\u00bb0.3&#8243;&#8230;<\/p>\n","protected":false},"author":1,"featured_media":0,"parent":0,"menu_order":0,"comment_status":"closed","ping_status":"closed","template":"","meta":[],"_links":{"self":[{"href":"https:\/\/policia.edu.co\/ecsan\/wp-json\/wp\/v2\/pages\/2758"}],"collection":[{"href":"https:\/\/policia.edu.co\/ecsan\/wp-json\/wp\/v2\/pages"}],"about":[{"href":"https:\/\/policia.edu.co\/ecsan\/wp-json\/wp\/v2\/types\/page"}],"author":[{"embeddable":true,"href":"https:\/\/policia.edu.co\/ecsan\/wp-json\/wp\/v2\/users\/1"}],"replies":[{"embeddable":true,"href":"https:\/\/policia.edu.co\/ecsan\/wp-json\/wp\/v2\/comments?post=2758"}],"version-history":[{"count":3,"href":"https:\/\/policia.edu.co\/ecsan\/wp-json\/wp\/v2\/pages\/2758\/revisions"}],"predecessor-version":[{"id":3458,"href":"https:\/\/policia.edu.co\/ecsan\/wp-json\/wp\/v2\/pages\/2758\/revisions\/3458"}],"wp:attachment":[{"href":"https:\/\/policia.edu.co\/ecsan\/wp-json\/wp\/v2\/media?parent=2758"}],"curies":[{"name":"wp","href":"https:\/\/api.w.org\/{rel}","templated":true}]}}