{"id":2803,"date":"2018-07-27T16:46:12","date_gmt":"2018-07-27T16:46:12","guid":{"rendered":"https:\/\/educa.policia.edu.co\/ecsan\/?page_id=2803"},"modified":"2018-08-23T15:02:21","modified_gmt":"2018-08-23T15:02:21","slug":"tuna","status":"publish","type":"page","link":"https:\/\/policia.edu.co\/ecsan\/tuna\/","title":{"rendered":"TUNA"},"content":{"rendered":"[vc_row type=\u00bbfull_width_background\u00bb full_screen_row_position=\u00bbmiddle\u00bb mouse_based_parallax_bg=\u00bbtrue\u00bb scene_position=\u00bbcenter\u00bb layer_one_image=\u00bb3732&#8243; text_color=\u00bbdark\u00bb text_align=\u00bbleft\u00bb top_padding=\u00bb22%\u00bb bottom_padding=\u00bb18%\u00bb overlay_strength=\u00bb0.3&#8243; shape_divider_position=\u00bbbottom\u00bb shape_type=\u00bb\u00bb][vc_column column_padding=\u00bbno-extra-padding\u00bb column_padding_position=\u00bball\u00bb background_color_opacity=\u00bb1&#8243; background_hover_color_opacity=\u00bb1&#8243; column_shadow=\u00bbnone\u00bb column_border_radius=\u00bbnone\u00bb width=\u00bb1\/1&#8243; tablet_text_alignment=\u00bbdefault\u00bb phone_text_alignment=\u00bbdefault\u00bb column_border_width=\u00bbnone\u00bb column_border_style=\u00bbsolid\u00bb][\/vc_column][\/vc_row][vc_row type=\u00bbin_container\u00bb full_screen_row_position=\u00bbmiddle\u00bb scene_position=\u00bbcenter\u00bb text_color=\u00bbdark\u00bb text_align=\u00bbleft\u00bb overlay_strength=\u00bb0.3&#8243; shape_divider_position=\u00bbbottom\u00bb][vc_column column_padding=\u00bbno-extra-padding\u00bb column_padding_position=\u00bball\u00bb background_color_opacity=\u00bb1&#8243; background_hover_color_opacity=\u00bb1&#8243; column_shadow=\u00bbnone\u00bb column_border_radius=\u00bbnone\u00bb width=\u00bb1\/1&#8243; tablet_text_alignment=\u00bbdefault\u00bb phone_text_alignment=\u00bbdefault\u00bb column_border_width=\u00bbnone\u00bb column_border_style=\u00bbsolid\u00bb]<div class=\"divider-wrap\"><div style=\"height: 20px;\" class=\"divider\"><\/div><\/div>[\/vc_column][\/vc_row][vc_row type=\u00bbin_container\u00bb full_screen_row_position=\u00bbmiddle\u00bb scene_position=\u00bbcenter\u00bb text_color=\u00bbdark\u00bb text_align=\u00bbleft\u00bb overlay_strength=\u00bb0.3&#8243; shape_divider_position=\u00bbbottom\u00bb][vc_column column_padding=\u00bbno-extra-padding\u00bb column_padding_position=\u00bball\u00bb background_color_opacity=\u00bb1&#8243; background_hover_color_opacity=\u00bb1&#8243; column_shadow=\u00bbnone\u00bb column_border_radius=\u00bbnone\u00bb width=\u00bb1\/1&#8243; tablet_text_alignment=\u00bbdefault\u00bb phone_text_alignment=\u00bbdefault\u00bb column_border_width=\u00bbnone\u00bb column_border_style=\u00bbsolid\u00bb][vc_column_text css_animation=\u00bbbounceInUp\u00bb]\n<h2><span style=\"color: #008000;\">TUNA<\/span><\/h2>\n[\/vc_column_text][\/vc_column][\/vc_row][vc_row type=\u00bbin_container\u00bb full_screen_row_position=\u00bbmiddle\u00bb scene_position=\u00bbcenter\u00bb text_color=\u00bbdark\u00bb text_align=\u00bbleft\u00bb overlay_strength=\u00bb0.3&#8243; shape_divider_position=\u00bbbottom\u00bb][vc_column column_padding=\u00bbno-extra-padding\u00bb column_padding_position=\u00bball\u00bb background_color_opacity=\u00bb1&#8243; background_hover_color_opacity=\u00bb1&#8243; column_shadow=\u00bbnone\u00bb column_border_radius=\u00bbnone\u00bb width=\u00bb1\/1&#8243; tablet_text_alignment=\u00bbdefault\u00bb phone_text_alignment=\u00bbdefault\u00bb column_border_width=\u00bbnone\u00bb column_border_style=\u00bbsolid\u00bb][vc_column_text css_animation=\u00bbbounceInUp\u00bb]\n<p style=\"text-align: justify;\">Es un grupo conformado por alf\u00e9reces y cadetes que integran la Alma Mater de la oficialidad&nbsp; policial, quienes han hecho desde hace ya 46 a\u00f1os gala de sus competencias musicales, de baile y de expresi\u00f3n art\u00edstica abrazando la concepci\u00f3n de integralidad como parte esencial en el proceso de formaci\u00f3n de quienes en el futuro liderar\u00e1n la instituci\u00f3n policial en Colombia, llegando a nacionales y extranjeros a quienes se dedica con gran cari\u00f1o cada una de las canciones emblema del folclor patrio y extranjero en sus presentaciones. Nuestra Tuna ha recorrido diversos lugares del territorio nacional, llegando a la comunidad con carisma, sonrisas y baile, entregando espacios de cultura, arte y buenas costumbres a los colombianos, muestra del cari\u00f1o y el v\u00ednculo existente entre la instituci\u00f3n policial con la comunidad raz\u00f3n de ser de la Polic\u00eda Nacional.<span data-ccp-props=\"{&quot;201341983&quot;:0,&quot;335551550&quot;:6,&quot;335551620&quot;:6,&quot;335559739&quot;:160,&quot;335559740&quot;:259}\">&nbsp;<\/span><\/p>\n[\/vc_column_text][\/vc_column][\/vc_row]\n\n<div class=\"twitter-share\"><a href=\"https:\/\/twitter.com\/intent\/tweet?via=EscuelaDCadetes\" class=\"twitter-share-button\" data-size=\"large\">Twittear<\/a><\/div>\n","protected":false},"excerpt":{"rendered":"<p>[vc_row type=\u00bbfull_width_background\u00bb full_screen_row_position=\u00bbmiddle\u00bb mouse_based_parallax_bg=\u00bbtrue\u00bb scene_position=\u00bbcenter\u00bb layer_one_image=\u00bb3732&#8243; text_color=\u00bbdark\u00bb text_align=\u00bbleft\u00bb top_padding=\u00bb22%\u00bb bottom_padding=\u00bb18%\u00bb overlay_strength=\u00bb0.3&#8243; shape_divider_position=\u00bbbottom\u00bb shape_type=\u00bb\u00bb][vc_column column_padding=\u00bbno-extra-padding\u00bb column_padding_position=\u00bball\u00bb background_color_opacity=\u00bb1&#8243; background_hover_color_opacity=\u00bb1&#8243; column_shadow=\u00bbnone\u00bb column_border_radius=\u00bbnone\u00bb width=\u00bb1\/1&#8243; tablet_text_alignment=\u00bbdefault\u00bb phone_text_alignment=\u00bbdefault\u00bb column_border_width=\u00bbnone\u00bb column_border_style=\u00bbsolid\u00bb][\/vc_column][\/vc_row][vc_row type=\u00bbin_container\u00bb full_screen_row_position=\u00bbmiddle\u00bb scene_position=\u00bbcenter\u00bb text_color=\u00bbdark\u00bb text_align=\u00bbleft\u00bb overlay_strength=\u00bb0.3&#8243;&#8230;<\/p>\n","protected":false},"author":1,"featured_media":0,"parent":0,"menu_order":0,"comment_status":"closed","ping_status":"closed","template":"","meta":[],"_links":{"self":[{"href":"https:\/\/policia.edu.co\/ecsan\/wp-json\/wp\/v2\/pages\/2803"}],"collection":[{"href":"https:\/\/policia.edu.co\/ecsan\/wp-json\/wp\/v2\/pages"}],"about":[{"href":"https:\/\/policia.edu.co\/ecsan\/wp-json\/wp\/v2\/types\/page"}],"author":[{"embeddable":true,"href":"https:\/\/policia.edu.co\/ecsan\/wp-json\/wp\/v2\/users\/1"}],"replies":[{"embeddable":true,"href":"https:\/\/policia.edu.co\/ecsan\/wp-json\/wp\/v2\/comments?post=2803"}],"version-history":[{"count":7,"href":"https:\/\/policia.edu.co\/ecsan\/wp-json\/wp\/v2\/pages\/2803\/revisions"}],"predecessor-version":[{"id":3733,"href":"https:\/\/policia.edu.co\/ecsan\/wp-json\/wp\/v2\/pages\/2803\/revisions\/3733"}],"wp:attachment":[{"href":"https:\/\/policia.edu.co\/ecsan\/wp-json\/wp\/v2\/media?parent=2803"}],"curies":[{"name":"wp","href":"https:\/\/api.w.org\/{rel}","templated":true}]}}