{"id":4848,"date":"2019-10-11T16:45:33","date_gmt":"2019-10-11T16:45:33","guid":{"rendered":"https:\/\/policia.edu.co\/ecsan\/?page_id=4848"},"modified":"2023-04-14T20:25:14","modified_gmt":"2023-04-14T20:25:14","slug":"home","status":"publish","type":"page","link":"https:\/\/policia.edu.co\/ecsan\/","title":{"rendered":"Home"},"content":{"rendered":"[vc_row type=\u00bbin_container\u00bb full_screen_row_position=\u00bbmiddle\u00bb scene_position=\u00bbcenter\u00bb text_color=\u00bbdark\u00bb text_align=\u00bbleft\u00bb overlay_strength=\u00bb0.3&#8243; enable_shape_divider=\u00bbtrue\u00bb shape_divider_color=\u00bb#58a618&#8243; shape_divider_position=\u00bbbottom\u00bb shape_divider_height=\u00bb20&#8243; shape_divider_bring_to_front=\u00bbtrue\u00bb shape_type=\u00bbmountains\u00bb][vc_column column_padding=\u00bbno-extra-padding\u00bb column_padding_position=\u00bball\u00bb background_color_opacity=\u00bb1&#8243; background_hover_color_opacity=\u00bb1&#8243; column_shadow=\u00bbnone\u00bb column_border_radius=\u00bbnone\u00bb width=\u00bb1\/1&#8243; tablet_text_alignment=\u00bbdefault\u00bb phone_text_alignment=\u00bbdefault\u00bb column_border_width=\u00bbnone\u00bb column_border_style=\u00bbsolid\u00bb]<div style=\"height: 370px\"  data-transition=\"fade\" data-overall_style=\"classic\" data-flexible-height=\"true\" data-animate-in-effect=\"zoom-out\" data-fullscreen=\"false\" data-button-sizing=\"regular\" data-button-styling=\"btn_with_count\" data-autorotate=\"9000\" data-parallax=\"false\" data-full-width=\"false\" class=\"nectar-slider-wrap \" id=\"ns-id-69ef44c470834\">\r\n\t\t\t<div style=\"height: 370px\" class=\"swiper-container\"  data-tho=\"auto\" data-tco=\"auto\" data-pho=\"auto\" data-pco=\"auto\" data-loop=\"true\" data-height=\"370\" data-min-height=\"200\" data-arrows=\"true\" data-bullets=\"true\" data-bullet_style=\"see_through\" data-desktop-swipe=\"true\" data-settings=\"\">\r\n\t\t\t\t    <div class=\"swiper-wrapper\"><div class=\"swiper-slide\" data-bg-alignment=\"center\" data-color-scheme=\"light\" data-x-pos=\"left\" data-y-pos=\"middle\"> \r\n\t\t\t\t\t\t\t\t<div class=\"image-bg\" style=\"background-image: url(https:\/\/policia.edu.co\/ecsan\/wp-content\/uploads\/2018\/11\/plantilla-web.jpg);\"> &nbsp; <\/div><div class=\"video-texture \"> <span class=\"ie-fix\"><\/span> <\/div><\/div><!--\/swiper-slide--><div class=\"swiper-slide\" data-bg-alignment=\"center\" data-color-scheme=\"light\" data-x-pos=\"left\" data-y-pos=\"middle\"> \r\n\t\t\t\t\t\t\t\t<div class=\"image-bg\" style=\"background-image: url(https:\/\/policia.edu.co\/ecsan\/wp-content\/uploads\/2018\/08\/home-1.jpg);\"> &nbsp; <\/div><div class=\"video-texture \"> <span class=\"ie-fix\"><\/span> <\/div><\/div><!--\/swiper-slide--><div class=\"swiper-slide\" data-bg-alignment=\"center\" data-color-scheme=\"light\" data-x-pos=\"left\" data-y-pos=\"middle\"> \r\n\t\t\t\t\t\t\t\t<div class=\"image-bg\" style=\"background-image: url(https:\/\/policia.edu.co\/ecsan\/wp-content\/uploads\/2018\/08\/home-3.jpg);\"> &nbsp; <\/div><div class=\"video-texture \"> <span class=\"ie-fix\"><\/span> <\/div><\/div><!--\/swiper-slide--><div class=\"swiper-slide\" data-bg-alignment=\"center\" data-color-scheme=\"light\" data-x-pos=\"left\" data-y-pos=\"middle\"> \r\n\t\t\t\t\t\t\t\t<div class=\"image-bg\" style=\"background-image: url(https:\/\/policia.edu.co\/ecsan\/wp-content\/uploads\/2023\/04\/uniformes.png);\"> &nbsp; <\/div><div class=\"video-texture \"> <span class=\"ie-fix\"><\/span> <\/div><\/div><!--\/swiper-slide--><div class=\"swiper-slide\" data-bg-alignment=\"center\" data-color-scheme=\"light\" data-x-pos=\"left\" data-y-pos=\"middle\"> \r\n\t\t\t\t\t\t\t\t<div class=\"image-bg\" style=\"background-image: url(https:\/\/policia.edu.co\/ecsan\/wp-content\/uploads\/2023\/04\/trompeta.png);\"> &nbsp; <\/div><div class=\"video-texture \"> <span class=\"ie-fix\"><\/span> <\/div><\/div><!--\/swiper-slide--><div class=\"swiper-slide\" data-bg-alignment=\"center\" data-color-scheme=\"light\" data-x-pos=\"left\" data-y-pos=\"middle\"> \r\n\t\t\t\t\t\t\t\t<div class=\"image-bg\" style=\"background-image: url(https:\/\/policia.edu.co\/ecsan\/wp-content\/uploads\/2023\/04\/lectura.png);\"> &nbsp; <\/div><div class=\"video-texture \"> <span class=\"ie-fix\"><\/span> <\/div><\/div><!--\/swiper-slide--><\/div><a href=\"\" class=\"slider-prev\"><i class=\"icon-salient-left-arrow\"><\/i> <div class=\"slide-count\"> <span class=\"slide-current\">1<\/span> <i class=\"icon-salient-right-line\"><\/i> <span class=\"slide-total\"><\/span> <\/div> <\/a>\r\n\t\t\t\t     \t\t<a href=\"\" class=\"slider-next\"><i class=\"icon-salient-right-arrow\"><\/i> <div class=\"slide-count\"> <span class=\"slide-current\">1<\/span> <i class=\"icon-salient-right-line\"><\/i> <span class=\"slide-total\"><\/span> <\/div> <\/a><div class=\"slider-pagination\"><\/div><div class=\"nectar-slider-loading \"> <span class=\"loading-icon none\">   <\/span> <\/div> <\/div> \r\n\t\t\t\t\r\n\t\t\t<\/div><div class=\"divider-wrap\"><div style=\"height: 5px;\" class=\"divider\"><\/div><\/div>[\/vc_column][\/vc_row][vc_row type=\u00bbin_container\u00bb full_screen_row_position=\u00bbmiddle\u00bb scene_position=\u00bbcenter\u00bb text_color=\u00bbdark\u00bb text_align=\u00bbleft\u00bb overlay_strength=\u00bb0.3&#8243; shape_divider_position=\u00bbbottom\u00bb][vc_column column_padding=\u00bbno-extra-padding\u00bb column_padding_position=\u00bball\u00bb background_color_opacity=\u00bb1&#8243; background_hover_color_opacity=\u00bb1&#8243; column_shadow=\u00bbnone\u00bb column_border_radius=\u00bbnone\u00bb width=\u00bb1\/1&#8243; tablet_text_alignment=\u00bbdefault\u00bb phone_text_alignment=\u00bbdefault\u00bb column_border_width=\u00bbnone\u00bb column_border_style=\u00bbsolid\u00bb][\/vc_column][\/vc_row][vc_row type=\u00bbin_container\u00bb full_screen_row_position=\u00bbmiddle\u00bb scene_position=\u00bbcenter\u00bb text_color=\u00bbdark\u00bb text_align=\u00bbleft\u00bb overlay_strength=\u00bb0.3&#8243; shape_divider_position=\u00bbbottom\u00bb][vc_column enable_animation=\u00bbtrue\u00bb animation=\u00bbnone\u00bb boxed=\u00bbtrue\u00bb centered_text=\u00bbtrue\u00bb column_padding=\u00bbno-extra-padding\u00bb column_padding_position=\u00bbbottom\u00bb background_color_opacity=\u00bb1&#8243; background_hover_color_opacity=\u00bb1&#8243; column_shadow=\u00bbx_large_depth\u00bb column_border_radius=\u00bb20px\u00bb width=\u00bb1\/1&#8243; tablet_text_alignment=\u00bbdefault\u00bb phone_text_alignment=\u00bbdefault\u00bb column_border_width=\u00bbnone\u00bb][vc_row_inner column_margin=\u00bbdefault\u00bb text_align=\u00bbleft\u00bb][vc_column_inner column_padding=\u00bbno-extra-padding\u00bb column_padding_position=\u00bball\u00bb background_color_opacity=\u00bb1&#8243; background_hover_color_opacity=\u00bb1&#8243; column_shadow=\u00bbnone\u00bb column_border_radius=\u00bbnone\u00bb width=\u00bb1\/1&#8243; column_border_width=\u00bbnone\u00bb column_border_style=\u00bbsolid\u00bb][vc_custom_heading text=\u00bbNoticias Principales \u00bb font_container=\u00bbtag:h2|text_align:center|color:%23003366&#8243; google_fonts=\u00bbfont_family:Tinos%3Aregular%2Citalic%2C700%2C700italic|font_style:700%20bold%20regular%3A700%3Anormal\u00bb][\/vc_column_inner][\/vc_row_inner]\t\t\t<div class=\"row blog-recent columns-3\" data-style=\"list_featured_first_row\" data-color-scheme=\"light\">\r\n\t\t\t\t\r\n\t\t\t\t\r\n\t\t\t\t<div class=\"col span_4 post-4772 post type-post status-publish format-standard has-post-thumbnail hentry category-noticias-destacadas category-noticias-home\" >\r\n\t\t\t\t\t\r\n\t\t\t\t\t              \r\n              <a class=\"full-post-link\" href=\"https:\/\/policia.edu.co\/ecsan\/2019\/09\/23\/juegos-de-la-confraternidad-2019\/\"><\/a><a href=\"https:\/\/policia.edu.co\/ecsan\/2019\/09\/23\/juegos-de-la-confraternidad-2019\/\" class=\"featured\"><span class=\"post-featured-img\" style=\"background-image: url(https:\/\/policia.edu.co\/ecsan\/wp-content\/uploads\/2019\/09\/Cr-Gustavo-Franco-Gomez-500x500.jpg);\"><\/span><\/a>\t\t\t\t\t\t\t<div class=\"post-header featured\">\r\n\t\t\t\t\t\t\t\t\r\n                <span class=\"meta-category\"><a class=\"noticias-destacadas\" href=\"https:\/\/policia.edu.co\/ecsan\/category\/noticias-destacadas\/\">NOTICIAS DESTACADAS<\/a><\/span>\t\t\t\t\t\t\t\t<h3> <a href=\"https:\/\/policia.edu.co\/ecsan\/2019\/09\/23\/juegos-de-la-confraternidad-2019\/\">Juegos de la Confraternidad 2019<\/a><\/h3>                  \r\n\t\t\t\t\t\t\t<\/div><!--\/post-header-->\r\n              \r\n              <div class=\"excerpt\">La formaci\u00f3n integral de los futuros oficiales conlleva actividades que promueven valores,\u00a0 buenos h\u00e1bitos, fortalecer&hellip;<\/div>\t\t\t\t\t\r\n\t\t\t\t<\/div><!--\/col-->\r\n\t\t\t\t\r\n\t\t\t\t\r\n\t\t\t\t<div class=\"col span_4 post-4763 post type-post status-publish format-standard has-post-thumbnail hentry category-noticias-destacadas category-noticias-home\" >\r\n\t\t\t\t\t\r\n\t\t\t\t\t              \r\n              <a class=\"full-post-link\" href=\"https:\/\/policia.edu.co\/ecsan\/2019\/09\/13\/proyeccion-social\/\"><\/a><a href=\"https:\/\/policia.edu.co\/ecsan\/2019\/09\/13\/proyeccion-social\/\" class=\"featured\"><span class=\"post-featured-img\" style=\"background-image: url(https:\/\/policia.edu.co\/ecsan\/wp-content\/uploads\/2019\/09\/WhatsApp-Image-2019-09-13-at-4.54.48-PM-500x500.jpeg);\"><\/span><\/a>\t\t\t\t\t\t\t<div class=\"post-header featured\">\r\n\t\t\t\t\t\t\t\t\r\n                <span class=\"meta-category\"><a class=\"noticias-destacadas\" href=\"https:\/\/policia.edu.co\/ecsan\/category\/noticias-destacadas\/\">NOTICIAS DESTACADAS<\/a><\/span>\t\t\t\t\t\t\t\t<h3> <a href=\"https:\/\/policia.edu.co\/ecsan\/2019\/09\/13\/proyeccion-social\/\">Proyecci\u00f3n Social<\/a><\/h3>                  \r\n\t\t\t\t\t\t\t<\/div><!--\/post-header-->\r\n              \r\n              <div class=\"excerpt\">El Grupo de Proyecci\u00f3n Social de la Escuela y la Direcci\u00f3n de Incorporaci\u00f3n, participaron en&hellip;<\/div>\t\t\t\t\t\r\n\t\t\t\t<\/div><!--\/col-->\r\n\t\t\t\t\r\n\t\t\t\t\r\n\t\t\t\t<div class=\"col span_4 post-4752 post type-post status-publish format-standard has-post-thumbnail hentry category-noticias-destacadas category-noticias-home\" >\r\n\t\t\t\t\t\r\n\t\t\t\t\t              \r\n              <a class=\"full-post-link\" href=\"https:\/\/policia.edu.co\/ecsan\/2019\/07\/30\/policia-formado-en-valores\/\"><\/a><a href=\"https:\/\/policia.edu.co\/ecsan\/2019\/07\/30\/policia-formado-en-valores\/\" class=\"featured\"><span class=\"post-featured-img\" style=\"background-image: url(https:\/\/policia.edu.co\/ecsan\/wp-content\/uploads\/2019\/07\/amistad-500x500.jpg);\"><\/span><\/a>\t\t\t\t\t\t\t<div class=\"post-header featured\">\r\n\t\t\t\t\t\t\t\t\r\n                <span class=\"meta-category\"><a class=\"noticias-destacadas\" href=\"https:\/\/policia.edu.co\/ecsan\/category\/noticias-destacadas\/\">NOTICIAS DESTACADAS<\/a><\/span>\t\t\t\t\t\t\t\t<h3> <a href=\"https:\/\/policia.edu.co\/ecsan\/2019\/07\/30\/policia-formado-en-valores\/\">Polic\u00eda Formado en Valores<\/a><\/h3>                  \r\n\t\t\t\t\t\t\t<\/div><!--\/post-header-->\r\n              \r\n              <div class=\"excerpt\">D\u00eda\u00a0Internacional de la Amistad La amistad est\u00e1 asociada a los valores como el amor, lealtad,&hellip;<\/div>\t\t\t\t\t\r\n\t\t\t\t<\/div><!--\/col-->\r\n\t\t\t\t\r\n\t\t\t\t\t\t\r\n\t\t\t<\/div><!--\/blog-recent-->\r\n\t\t\r\n\t\t[\/vc_column][\/vc_row][vc_row type=\u00bbin_container\u00bb full_screen_row_position=\u00bbmiddle\u00bb scene_position=\u00bbcenter\u00bb text_color=\u00bbdark\u00bb text_align=\u00bbleft\u00bb overlay_strength=\u00bb0.3&#8243; enable_shape_divider=\u00bbtrue\u00bb shape_divider_color=\u00bb#007934&#8243; shape_divider_position=\u00bbbottom\u00bb shape_divider_height=\u00bb40&#8243; shape_divider_bring_to_front=\u00bbtrue\u00bb shape_type=\u00bbmountains\u00bb][vc_column column_padding=\u00bbno-extra-padding\u00bb column_padding_position=\u00bball\u00bb background_color_opacity=\u00bb1&#8243; background_hover_color_opacity=\u00bb1&#8243; column_shadow=\u00bbnone\u00bb column_border_radius=\u00bbnone\u00bb width=\u00bb1\/1&#8243; tablet_text_alignment=\u00bbdefault\u00bb phone_text_alignment=\u00bbdefault\u00bb column_border_width=\u00bbnone\u00bb column_border_style=\u00bbsolid\u00bb]<div class=\"divider-wrap\"><div style=\"height: 20px;\" class=\"divider\"><\/div><\/div>[\/vc_column][\/vc_row]\n\n<div class=\"twitter-share\"><a href=\"https:\/\/twitter.com\/intent\/tweet?via=EscuelaDCadetes\" class=\"twitter-share-button\" data-size=\"large\">Twittear<\/a><\/div>\n","protected":false},"excerpt":{"rendered":"<p>[vc_row type=\u00bbin_container\u00bb full_screen_row_position=\u00bbmiddle\u00bb scene_position=\u00bbcenter\u00bb text_color=\u00bbdark\u00bb text_align=\u00bbleft\u00bb overlay_strength=\u00bb0.3&#8243; enable_shape_divider=\u00bbtrue\u00bb shape_divider_color=\u00bb#58a618&#8243; shape_divider_position=\u00bbbottom\u00bb shape_divider_height=\u00bb20&#8243; shape_divider_bring_to_front=\u00bbtrue\u00bb shape_type=\u00bbmountains\u00bb][vc_column column_padding=\u00bbno-extra-padding\u00bb column_padding_position=\u00bball\u00bb background_color_opacity=\u00bb1&#8243; background_hover_color_opacity=\u00bb1&#8243; column_shadow=\u00bbnone\u00bb column_border_radius=\u00bbnone\u00bb width=\u00bb1\/1&#8243; tablet_text_alignment=\u00bbdefault\u00bb phone_text_alignment=\u00bbdefault\u00bb column_border_width=\u00bbnone\u00bb column_border_style=\u00bbsolid\u00bb][\/vc_column][\/vc_row][vc_row type=\u00bbin_container\u00bb full_screen_row_position=\u00bbmiddle\u00bb scene_position=\u00bbcenter\u00bb text_color=\u00bbdark\u00bb text_align=\u00bbleft\u00bb overlay_strength=\u00bb0.3&#8243;&#8230;<\/p>\n","protected":false},"author":1,"featured_media":0,"parent":0,"menu_order":0,"comment_status":"closed","ping_status":"closed","template":"","meta":[],"_links":{"self":[{"href":"https:\/\/policia.edu.co\/ecsan\/wp-json\/wp\/v2\/pages\/4848"}],"collection":[{"href":"https:\/\/policia.edu.co\/ecsan\/wp-json\/wp\/v2\/pages"}],"about":[{"href":"https:\/\/policia.edu.co\/ecsan\/wp-json\/wp\/v2\/types\/page"}],"author":[{"embeddable":true,"href":"https:\/\/policia.edu.co\/ecsan\/wp-json\/wp\/v2\/users\/1"}],"replies":[{"embeddable":true,"href":"https:\/\/policia.edu.co\/ecsan\/wp-json\/wp\/v2\/comments?post=4848"}],"version-history":[{"count":4,"href":"https:\/\/policia.edu.co\/ecsan\/wp-json\/wp\/v2\/pages\/4848\/revisions"}],"predecessor-version":[{"id":4870,"href":"https:\/\/policia.edu.co\/ecsan\/wp-json\/wp\/v2\/pages\/4848\/revisions\/4870"}],"wp:attachment":[{"href":"https:\/\/policia.edu.co\/ecsan\/wp-json\/wp\/v2\/media?parent=4848"}],"curies":[{"name":"wp","href":"https:\/\/api.w.org\/{rel}","templated":true}]}}