{"id":1336,"date":"2020-10-10T18:57:04","date_gmt":"2020-10-10T18:57:04","guid":{"rendered":"https:\/\/policia.edu.co\/memoria\/?page_id=1336"},"modified":"2024-11-27T19:50:50","modified_gmt":"2024-11-27T19:50:50","slug":"constriccion-de-paz","status":"publish","type":"page","link":"https:\/\/policia.edu.co\/memoria\/index.php\/constriccion-de-paz\/","title":{"rendered":"Construcci\u00f3n de Paz"},"content":{"rendered":"[vc_row type=\u00bbin_container\u00bb full_screen_row_position=\u00bbmiddle\u00bb bg_image=\u00bb2145&#8243; bg_position=\u00bbleft center\u00bb bg_repeat=\u00bbno-repeat\u00bb bg_color=\u00bb#ffffff\u00bb scene_position=\u00bbcenter\u00bb layer_one_image=\u00bb1937&#8243; text_color=\u00bbdark\u00bb text_align=\u00bbcenter\u00bb top_padding=\u00bb1%\u00bb bottom_padding=\u00bb50%\u00bb overlay_strength=\u00bb0.3&#8243; shape_divider_position=\u00bbbottom\u00bb shape_type=\u00bb\u00bb][vc_column column_padding=\u00bbno-extra-padding\u00bb column_padding_position=\u00bball\u00bb background_color_opacity=\u00bb1&#8243; background_hover_color_opacity=\u00bb1&#8243; column_shadow=\u00bbnone\u00bb column_border_radius=\u00bbnone\u00bb width=\u00bb1\/1&#8243; tablet_text_alignment=\u00bbdefault\u00bb phone_text_alignment=\u00bbdefault\u00bb column_border_width=\u00bbnone\u00bb column_border_style=\u00bbsolid\u00bb][\/vc_column][\/vc_row][vc_row type=\u00bbin_container\u00bb full_screen_row_position=\u00bbmiddle\u00bb scene_position=\u00bbcenter\u00bb text_color=\u00bbdark\u00bb text_align=\u00bbleft\u00bb overlay_strength=\u00bb0.3&#8243; shape_divider_position=\u00bbbottom\u00bb][vc_column column_padding=\u00bbno-extra-padding\u00bb column_padding_position=\u00bball\u00bb background_color_opacity=\u00bb1&#8243; background_hover_color_opacity=\u00bb1&#8243; column_shadow=\u00bbnone\u00bb column_border_radius=\u00bbnone\u00bb width=\u00bb1\/1&#8243; tablet_text_alignment=\u00bbdefault\u00bb phone_text_alignment=\u00bbdefault\u00bb column_border_width=\u00bbnone\u00bb column_border_style=\u00bbsolid\u00bb]<div class=\"divider-wrap\"><div style=\"height: 25px;\" class=\"divider\"><\/div><\/div>[\/vc_column][\/vc_row][vc_row type=\u00bbin_container\u00bb full_screen_row_position=\u00bbmiddle\u00bb scene_position=\u00bbcenter\u00bb text_color=\u00bbdark\u00bb text_align=\u00bbleft\u00bb overlay_strength=\u00bb0.3&#8243; shape_divider_position=\u00bbbottom\u00bb][vc_column column_padding=\u00bbno-extra-padding\u00bb column_padding_position=\u00bball\u00bb background_color_opacity=\u00bb1&#8243; background_hover_color_opacity=\u00bb1&#8243; column_shadow=\u00bbnone\u00bb column_border_radius=\u00bbnone\u00bb width=\u00bb1\/1&#8243; tablet_text_alignment=\u00bbdefault\u00bb phone_text_alignment=\u00bbdefault\u00bb column_border_width=\u00bbnone\u00bb column_border_style=\u00bbsolid\u00bb]\r\n    <div class=\"col span_12 section-title text-align-center extra-padding\">\r\n\t\t<h2>\n<h2>Nuestras Publicaciones<\/h2>\n<\/h2><p>En este espacio podr\u00e1 leer y\/o descargar de manera gratuita, las publicaciones realizadas en pro de contribuir con la Memoria del pa\u00eds basado en dos l\u00edneas: el ser humano y el servicio de Polic\u00eda, reconstruidas del contexto y las vivencias de los polic\u00edas v\u00edctimas y sus familias.<\/p><\/div><div class=\"clear\"><\/div>[\/vc_column][\/vc_row][vc_row type=\u00bbfull_width_background\u00bb full_screen_row_position=\u00bbmiddle\u00bb bg_image=\u00bbhttps:\/\/source.unsplash.com\/featured\/daily\/?craft\u00bb bg_position=\u00bbleft top\u00bb bg_repeat=\u00bbno-repeat\u00bb scene_position=\u00bbcenter\u00bb text_color=\u00bblight\u00bb text_align=\u00bbleft\u00bb top_padding=\u00bb7%\u00bb bottom_padding=\u00bb7%\u00bb color_overlay=\u00bb#232323&#8243; overlay_strength=\u00bb0.95&#8243; shape_divider_position=\u00bbbottom\u00bb shape_type=\u00bb\u00bb][vc_column column_padding=\u00bbno-extra-padding\u00bb column_padding_position=\u00bball\u00bb background_color_opacity=\u00bb1&#8243; background_hover_color_opacity=\u00bb1&#8243; column_shadow=\u00bbnone\u00bb column_border_radius=\u00bbnone\u00bb width=\u00bb1\/2&#8243; tablet_text_alignment=\u00bbdefault\u00bb phone_text_alignment=\u00bbdefault\u00bb column_border_width=\u00bbnone\u00bb column_border_style=\u00bbsolid\u00bb][fancy_box box_style=\u00bbcolor_box_hover\u00bb icon_family=\u00bbnone\u00bb image_url=\u00bb1416&#8243; color=\u00bbextra-color-gradient-1&#8243; box_alignment=\u00bbcenter\u00bb min_height=\u00bb450&#8243; link_url=\u00bb https:\/\/policia.edu.co\/memoria\/index.php\/2020\/10\/22\/conflictos-sociales\/\u00bb]\n<h5>Diagnostico Participativo<\/h5>\n<h3>\u00abTransformaci\u00f3n de conflictos Sociales\u00bb<\/h3>\n<p><em>En este documento se presentan las principales conclusiones de un diagn\u00f3stico participativo que el equipo del Centro de Investigaci\u00f3n y Educaci\u00f3n Popular (CINEP) elabor\u00f3 con el \u00e1nimo de informar los cambios y ajustes necesarios para poner en marcha, al interior de la Polic\u00eda Nacional y en cinco municipios del pa\u00eds, un equipo especializado en di\u00e1logo y mediaci\u00f3n que, bajo un enfoque preventivo, evite que los conflictos sociales y las protestas deriven en hechos de violencia por una inadecuada intervenci\u00f3n..\u2026<\/em>[nectar_cta btn_style=\u00bbsee-through\u00bb heading_tag=\u00bbh5&#8243; link_type=\u00bbregular\u00bb alignment=\u00bbcenter\u00bb link_text=\u00bbLeer m\u00e1s\u00bb][\/fancy_box][\/vc_column][vc_column column_padding=\u00bbno-extra-padding\u00bb column_padding_position=\u00bball\u00bb background_color_opacity=\u00bb1&#8243; background_hover_color_opacity=\u00bb1&#8243; column_shadow=\u00bbnone\u00bb column_border_radius=\u00bbnone\u00bb width=\u00bb1\/2&#8243; tablet_text_alignment=\u00bbdefault\u00bb phone_text_alignment=\u00bbdefault\u00bb column_border_width=\u00bbnone\u00bb column_border_style=\u00bbsolid\u00bb][fancy_box box_style=\u00bbcolor_box_hover\u00bb icon_family=\u00bbnone\u00bb image_url=\u00bb2328&#8243; link_new_tab=\u00bbtrue\u00bb color=\u00bbextra-color-gradient-1&#8243; box_alignment=\u00bbcenter\u00bb link_url=\u00bbhttps:\/\/policia.edu.co\/memoria\/wp-content\/uploads\/2024\/11\/MEMORIAS-V-CONGRESO-UNIPEP.pdf \u00bb min_height=\u00bb450&#8243; css=\u00bb.vc_custom_1732737269903{padding-bottom: 11px !important;}\u00bb]\n<h5>Memorias del Evento<\/h5>\n<h3>\u00abV Congreso Internacional de Construcci\u00f3n de Paz en el Servicio de Polic\u00eda\u00bb<\/h3>\n<p><em>En este documento se plasman las memorias del V Congreso Internacional de Construcci\u00f3n de Paz en el Servicio de Polic\u00eda desarrollado los d\u00edas 21 y 22 de noviembre del 2024, en instalaciones del Hotel Hilton \u2013 Bogot\u00e1 D.C., el cual tuvo como objetivo la interacci\u00f3n con diferentes personalidades para identificar los conflictos que podr\u00edan ser transformados en oportunidades de mejora y\/o cambio, afirmando el compromiso de servir y proteger a la sociedad, desde un enfoque humanitario, justo y comprometido con la paz..\u2026[nectar_cta btn_style=\u00bbsee-through\u00bb heading_tag=\u00bbh5&#8243; link_type=\u00bbregular\u00bb alignment=\u00bbcenter\u00bb link_text=\u00bbLeer m\u00e1s\u00bb]\u00a0<\/em>[\/fancy_box][\/vc_column][\/vc_row][vc_row type=\u00bbfull_width_background\u00bb full_screen_row_position=\u00bbmiddle\u00bb bg_image=\u00bbhttps:\/\/source.unsplash.com\/featured\/daily\/?craft\u00bb bg_position=\u00bbleft top\u00bb bg_repeat=\u00bbno-repeat\u00bb scene_position=\u00bbcenter\u00bb text_color=\u00bblight\u00bb text_align=\u00bbleft\u00bb top_padding=\u00bb7%\u00bb bottom_padding=\u00bb7%\u00bb color_overlay=\u00bb#232323&#8243; overlay_strength=\u00bb0.95&#8243; shape_divider_position=\u00bbbottom\u00bb shape_type=\u00bb\u00bb][vc_column column_padding=\u00bbno-extra-padding\u00bb column_padding_position=\u00bball\u00bb background_color_opacity=\u00bb1&#8243; background_hover_color_opacity=\u00bb1&#8243; column_shadow=\u00bbnone\u00bb column_border_radius=\u00bbnone\u00bb width=\u00bb1\/3&#8243; tablet_text_alignment=\u00bbdefault\u00bb phone_text_alignment=\u00bbdefault\u00bb column_border_width=\u00bbnone\u00bb column_border_style=\u00bbsolid\u00bb][fancy_box box_style=\u00bbcolor_box_hover\u00bb icon_family=\u00bbnone\u00bb image_url=\u00bb1402&#8243; color=\u00bbextra-color-gradient-1&#8243; box_alignment=\u00bbcenter\u00bb min_height=\u00bb450&#8243; link_url=\u00bbhttps:\/\/policia.edu.co\/memoria\/index.php\/2020\/10\/14\/informe-suma\/\u00bb]\n<h5>Informe<\/h5>\n<h3>\u00abResultados y Aprendizajes SUMA\u00bb<\/h3>\n<p><em>En este sentido, \u201cSUMA: voces y acciones para la convivencia\u201d, pretende consolidarse como una apuesta metodol\u00f3gica desde la Instituci\u00f3n para seguir desarrollando un proceso de reforma policial con miras en la transici\u00f3n del conflicto a la paz del pa\u00eds. Si bien es cierto que en la actualidad Colombia a\u00fan est\u00e1 en un proceso de consolidaci\u00f3n de paz, es clave que sus fuerzas de seguridad, y de manera particular la Polic\u00eda Nacional, redirijan sus esfuerzos y acciones hacia lo que misional y constitucionalmente est\u00e1 llamada a hacer, que consiste en la promoci\u00f3n y el mantenimiento de la convivencia pac\u00edfica en los territorios&#8230;<\/em>[nectar_cta btn_style=\u00bbsee-through\u00bb heading_tag=\u00bbh5&#8243; link_type=\u00bbregular\u00bb alignment=\u00bbcenter\u00bb link_text=\u00bbleer m\u00e1s\u00bb][\/fancy_box][\/vc_column][vc_column column_padding=\u00bbno-extra-padding\u00bb column_padding_position=\u00bball\u00bb background_color_opacity=\u00bb1&#8243; background_hover_color_opacity=\u00bb1&#8243; column_shadow=\u00bbnone\u00bb column_border_radius=\u00bbnone\u00bb width=\u00bb1\/3&#8243; tablet_text_alignment=\u00bbdefault\u00bb phone_text_alignment=\u00bbdefault\u00bb column_border_width=\u00bbnone\u00bb column_border_style=\u00bbsolid\u00bb][fancy_box box_style=\u00bbcolor_box_hover\u00bb icon_family=\u00bbnone\u00bb image_url=\u00bb1393&#8243; color=\u00bbextra-color-gradient-1&#8243; box_alignment=\u00bbcenter\u00bb min_height=\u00bb450&#8243; link_url=\u00bbhttps:\/\/policia.edu.co\/memoria\/index.php\/2020\/10\/13\/ruta-suma\/\u00bb]\n<h5>libro<\/h5>\n<h3>\u00abRuta Metodol\u00f3gica SUMA\u00bb<\/h3>\n<p><em>es una iniciativa de la Polic\u00eda Nacional de Colombia (PONAL) que surge del despliegue del Modelo de Construcci\u00f3n de Paz de la instituci\u00f3n, para fortalecer un servicio de Polic\u00eda cercano al ciudadano, articulado con las instituciones locales y con capacidades t\u00e9cnicas para prevenir los comportamientos contrarios a la convivencia en todo el territorio nacional.\u2026<\/em>[nectar_cta btn_style=\u00bbsee-through\u00bb heading_tag=\u00bbh5&#8243; link_type=\u00bbregular\u00bb alignment=\u00bbcenter\u00bb link_text=\u00bbLeer m\u00e1s\u00bb][\/fancy_box][\/vc_column][vc_column column_padding=\u00bbno-extra-padding\u00bb column_padding_position=\u00bball\u00bb background_color_opacity=\u00bb1&#8243; background_hover_color_opacity=\u00bb1&#8243; column_shadow=\u00bbnone\u00bb column_border_radius=\u00bbnone\u00bb width=\u00bb1\/3&#8243; tablet_text_alignment=\u00bbdefault\u00bb phone_text_alignment=\u00bbdefault\u00bb column_border_width=\u00bbnone\u00bb column_border_style=\u00bbsolid\u00bb][fancy_box box_style=\u00bbcolor_box_hover\u00bb icon_family=\u00bbnone\u00bb image_url=\u00bb1410&#8243; color=\u00bbextra-color-gradient-1&#8243; box_alignment=\u00bbcenter\u00bb min_height=\u00bb450&#8243; link_url=\u00bbhttps:\/\/policia.edu.co\/memoria\/index.php\/2020\/10\/22\/diagnostico\/\u00bb]\n<h5>Experiencias de la Polic\u00eda Nacional de Colombia<\/h5>\n<h3>\u00abDi\u00e1logo el camino hacia la transformaci\u00f3n pac\u00edfica de los conflictos sociales\u00bb<\/h3>\n<p><em>El contenido de las p\u00e1ginas de este libro refiere a un proceso de transformaci\u00f3n de conflictos sociales impulsado por la Polic\u00eda Nacional de Colombia. Una acci\u00f3n innovadora en la cual, durante el tiempo que dur\u00f3 la experiencia piloto, la confianza no solo emergi\u00f3 como una necesidad, sino tambi\u00e9n como un logro observable y concreto. Se demuestra que transformar los conflictos de forma pac\u00edfica es posible y la confianza es el puente por donde recorren las experiencias que aqu\u00ed se narran&#8230;.<\/em>[nectar_cta btn_style=\u00bbsee-through\u00bb heading_tag=\u00bbh5&#8243; link_type=\u00bbregular\u00bb alignment=\u00bbcenter\u00bb link_text=\u00bbleer m\u00e1s\u00bb][\/fancy_box][\/vc_column][\/vc_row][vc_row type=\u00bbfull_width_background\u00bb full_screen_row_position=\u00bbmiddle\u00bb bg_image=\u00bbhttps:\/\/source.unsplash.com\/featured\/daily\/?craft\u00bb bg_position=\u00bbleft top\u00bb bg_repeat=\u00bbno-repeat\u00bb scene_position=\u00bbcenter\u00bb text_color=\u00bblight\u00bb text_align=\u00bbleft\u00bb top_padding=\u00bb7%\u00bb bottom_padding=\u00bb7%\u00bb color_overlay=\u00bb#232323&#8243; overlay_strength=\u00bb0.95&#8243; shape_divider_position=\u00bbbottom\u00bb shape_type=\u00bb\u00bb][vc_column column_padding=\u00bbno-extra-padding\u00bb column_padding_position=\u00bball\u00bb background_color_opacity=\u00bb1&#8243; background_hover_color_opacity=\u00bb1&#8243; column_shadow=\u00bbnone\u00bb column_border_radius=\u00bbnone\u00bb width=\u00bb1\/3&#8243; tablet_text_alignment=\u00bbdefault\u00bb phone_text_alignment=\u00bbdefault\u00bb column_border_width=\u00bbnone\u00bb column_border_style=\u00bbsolid\u00bb][fancy_box box_style=\u00bbcolor_box_hover\u00bb icon_family=\u00bbnone\u00bb image_url=\u00bb1369&#8243; color=\u00bbextra-color-gradient-1&#8243; box_alignment=\u00bbcenter\u00bb min_height=\u00bb450&#8243; link_url=\u00bb https:\/\/policia.edu.co\/memoria\/index.php\/2020\/10\/13\/lineamientos-ema\/\u00bb]\n<h5>Lineamientos<\/h5>\n<h3>\u00ab<em> Para la prevenci\u00f3n y atenci\u00f3n de la violencia basada en g\u00e9nero&#8230;<\/em>\u00ab<\/h3>\n<p><em>Con el fin de fortalecer el conocimiento y las competencias para la prevenci\u00f3n y atenci\u00f3n de las violencias basadas en g\u00e9nero (VBG), el equipo de Alianza para la Paz (APAZ), con el apoyo t\u00e9cnico de ONU mujeres, implement\u00f3 dos talleres de Familia Policial en cada uno de los siete municipios de incidencia<br \/>\ndel proyecto Enfoque de G\u00e9nero en el Servicio de Polic\u00eda\u2026<\/em>[nectar_cta btn_style=\u00bbsee-through\u00bb heading_tag=\u00bbh5&#8243; link_type=\u00bbregular\u00bb alignment=\u00bbcenter\u00bb link_text=\u00bbLeer m\u00e1s\u00bb][\/fancy_box][\/vc_column][vc_column column_padding=\u00bbno-extra-padding\u00bb column_padding_position=\u00bball\u00bb background_color_opacity=\u00bb1&#8243; background_hover_color_opacity=\u00bb1&#8243; column_shadow=\u00bbnone\u00bb column_border_radius=\u00bbnone\u00bb width=\u00bb1\/3&#8243; tablet_text_alignment=\u00bbdefault\u00bb phone_text_alignment=\u00bbdefault\u00bb column_border_width=\u00bbnone\u00bb column_border_style=\u00bbsolid\u00bb][fancy_box box_style=\u00bbcolor_box_hover\u00bb icon_family=\u00bbnone\u00bb image_url=\u00bb1378&#8243; link_new_tab=\u00bbtrue\u00bb color=\u00bbextra-color-gradient-1&#8243; box_alignment=\u00bbcenter\u00bb min_height=\u00bb450&#8243; link_url=\u00bb https:\/\/policia.edu.co\/memoria\/index.php\/2020\/10\/13\/marco-de-actuacion-ema\/\u00bb]\n<h5>EMA-VBG<\/h5>\n<h3>\u00abEquipos M\u00f3viles de Atenci\u00f3n de Violencia Basada en G\u00e9nero Marco de actuaci\u00f3n\u00bb<\/h3>\n<p><em>La Violencia Basada en G\u00e9nero (en adelante VBG), es uno de los retos por superar para alcanzar la plenitud democr\u00e1tica, el respeto a los derechos humanos y la convivencia en paz. Sus efectos abarcan desde la integridad f\u00edsica de las v\u00edctimas hasta la discriminaci\u00f3n y marginaci\u00f3n social, laboral y econ\u00f3mica\u2026<\/em>[nectar_cta btn_style=\u00bbsee-through\u00bb heading_tag=\u00bbh5&#8243; link_type=\u00bbregular\u00bb alignment=\u00bbcenter\u00bb link_text=\u00bbLeer m\u00e1s\u00bb][\/fancy_box][\/vc_column][vc_column column_padding=\u00bbno-extra-padding\u00bb column_padding_position=\u00bball\u00bb background_color_opacity=\u00bb1&#8243; background_hover_color_opacity=\u00bb1&#8243; column_shadow=\u00bbnone\u00bb column_border_radius=\u00bbnone\u00bb width=\u00bb1\/3&#8243; tablet_text_alignment=\u00bbdefault\u00bb phone_text_alignment=\u00bbdefault\u00bb column_border_width=\u00bbnone\u00bb column_border_style=\u00bbsolid\u00bb][fancy_box box_style=\u00bbcolor_box_hover\u00bb icon_family=\u00bbnone\u00bb image_url=\u00bb1365&#8243; color=\u00bbextra-color-gradient-1&#8243; box_alignment=\u00bbcenter\u00bb min_height=\u00bb450&#8243; link_url=\u00bbhttps:\/\/policia.edu.co\/memoria\/index.php\/2020\/10\/13\/modulos-ema\/\u00bb]\n<h5>M\u00f3dulos<\/h5>\n<h3>\u00abM\u00f3dulos Enfoque de G\u00e9nero\u00bb<\/h3>\n<p>La instituci\u00f3n dise\u00f1o cinco m\u00f3dulos de formaci\u00f3n en materia de enfoque de g\u00e9nero en el servicio de polic\u00eda con contenido sobre las distintas tem\u00e1ticas y metodolog\u00edas que son m\u00e1s adecuadas para generar un cambio en la prevenci\u00f3n y tratamiento de la VBG. Los m\u00f3dulos permitir\u00e1n que las formaciones puedan ser reproducidas y replicadas a nivel nacional por parte de la Polic\u00eda Nacional<em>.\u2026<\/em><\/p>\n[nectar_cta btn_style=\u00bbsee-through\u00bb heading_tag=\u00bbh5&#8243; link_type=\u00bbregular\u00bb alignment=\u00bbcenter\u00bb link_text=\u00bbleer m\u00e1s\u00bb][\/fancy_box][\/vc_column][\/vc_row]\n","protected":false},"excerpt":{"rendered":"<p>[vc_row type=\u00bbin_container\u00bb full_screen_row_position=\u00bbmiddle\u00bb bg_image=\u00bb2145&#8243; bg_position=\u00bbleft center\u00bb bg_repeat=\u00bbno-repeat\u00bb bg_color=\u00bb#ffffff\u00bb scene_position=\u00bbcenter\u00bb layer_one_image=\u00bb1937&#8243; text_color=\u00bbdark\u00bb text_align=\u00bbcenter\u00bb top_padding=\u00bb1%\u00bb bottom_padding=\u00bb50%\u00bb overlay_strength=\u00bb0.3&#8243; shape_divider_position=\u00bbbottom\u00bb shape_type=\u00bb\u00bb][vc_column column_padding=\u00bbno-extra-padding\u00bb column_padding_position=\u00bball\u00bb background_color_opacity=\u00bb1&#8243; background_hover_color_opacity=\u00bb1&#8243; column_shadow=\u00bbnone\u00bb column_border_radius=\u00bbnone\u00bb width=\u00bb1\/1&#8243; tablet_text_alignment=\u00bbdefault\u00bb phone_text_alignment=\u00bbdefault\u00bb column_border_width=\u00bbnone\u00bb column_border_style=\u00bbsolid\u00bb][\/vc_column][\/vc_row][vc_row type=\u00bbin_container\u00bb full_screen_row_position=\u00bbmiddle\u00bb&#8230;<\/p>\n","protected":false},"author":2,"featured_media":0,"parent":0,"menu_order":0,"comment_status":"closed","ping_status":"closed","template":"","meta":[],"_links":{"self":[{"href":"https:\/\/policia.edu.co\/memoria\/index.php\/wp-json\/wp\/v2\/pages\/1336"}],"collection":[{"href":"https:\/\/policia.edu.co\/memoria\/index.php\/wp-json\/wp\/v2\/pages"}],"about":[{"href":"https:\/\/policia.edu.co\/memoria\/index.php\/wp-json\/wp\/v2\/types\/page"}],"author":[{"embeddable":true,"href":"https:\/\/policia.edu.co\/memoria\/index.php\/wp-json\/wp\/v2\/users\/2"}],"replies":[{"embeddable":true,"href":"https:\/\/policia.edu.co\/memoria\/index.php\/wp-json\/wp\/v2\/comments?post=1336"}],"version-history":[{"count":22,"href":"https:\/\/policia.edu.co\/memoria\/index.php\/wp-json\/wp\/v2\/pages\/1336\/revisions"}],"predecessor-version":[{"id":2329,"href":"https:\/\/policia.edu.co\/memoria\/index.php\/wp-json\/wp\/v2\/pages\/1336\/revisions\/2329"}],"wp:attachment":[{"href":"https:\/\/policia.edu.co\/memoria\/index.php\/wp-json\/wp\/v2\/media?parent=1336"}],"curies":[{"name":"wp","href":"https:\/\/api.w.org\/{rel}","templated":true}]}}