{"id":158,"date":"2020-04-03T23:08:22","date_gmt":"2020-04-03T23:08:22","guid":{"rendered":"https:\/\/policia.edu.co\/memoria\/?page_id=158"},"modified":"2025-03-12T19:18:40","modified_gmt":"2025-03-12T19:18:40","slug":"home","status":"publish","type":"page","link":"https:\/\/policia.edu.co\/memoria\/","title":{"rendered":"Home"},"content":{"rendered":"[vc_row type=\u00bbfull_width_background\u00bb full_screen_row_position=\u00bbmiddle\u00bb mouse_based_parallax_bg=\u00bbtrue\u00bb scene_position=\u00bbcenter\u00bb text_color=\u00bbdark\u00bb text_align=\u00bbleft\u00bb top_padding=\u00bb22%\u00bb bottom_padding=\u00bb18%\u00bb overlay_strength=\u00bb0.3&#8243; shape_divider_position=\u00bbbottom\u00bb shape_type=\u00bb\u00bb][vc_column column_padding=\u00bbno-extra-padding\u00bb column_padding_position=\u00bball\u00bb background_color_opacity=\u00bb1&#8243; background_hover_color_opacity=\u00bb1&#8243; column_shadow=\u00bbnone\u00bb column_border_radius=\u00bbnone\u00bb width=\u00bb1\/1&#8243; tablet_text_alignment=\u00bbdefault\u00bb phone_text_alignment=\u00bbdefault\u00bb column_border_width=\u00bbnone\u00bb column_border_style=\u00bbsolid\u00bb]<div style=\"height: 725px\" data-midnight=\"nectar-slider\" class=\"parallax_slider_outer \"><div style=\"height: 725px\"  data-transition=\"fade\" data-overall_style=\"classic\" data-flexible-height=\"true\" data-animate-in-effect=\"none\" data-fullscreen=\"false\" data-button-sizing=\"regular\" data-button-styling=\"btn_with_count\" data-autorotate=\"15000\" data-parallax=\"true\" data-full-width=\"true\" class=\"nectar-slider-wrap \" id=\"ns-id-69e34c37d1c64\">\r\n\t\t\t<div style=\"height: 725px\" class=\"swiper-container\"  data-tho=\"auto\" data-tco=\"auto\" data-pho=\"auto\" data-pco=\"auto\" data-loop=\"true\" data-height=\"725\" data-min-height=\"250\" data-arrows=\"true\" data-bullets=\"true\" data-bullet_style=\"see_through\" data-desktop-swipe=\"true\" data-settings=\"\">\r\n\t\t\t\t    <div class=\"swiper-wrapper\"><div class=\"swiper-slide\" data-bg-alignment=\"center\" data-color-scheme=\"dark\" data-x-pos=\"left\" data-y-pos=\"middle\"> \r\n\t\t\t\t\t\t\t\t<div class=\"image-bg\" style=\"background-image: url(https:\/\/policia.edu.co\/memoria\/wp-content\/uploads\/2025\/07\/IMG_1601-scaled.jpg);\"> &nbsp; <\/div><div class=\"video-texture \"> <span class=\"ie-fix\"><\/span> <\/div><\/div><!--\/swiper-slide--><div class=\"swiper-slide\" data-bg-alignment=\"center\" data-color-scheme=\"dark\" data-x-pos=\"left\" data-y-pos=\"middle\"> \r\n\t\t\t\t\t\t\t\t<div class=\"image-bg\" style=\"background-image: url(https:\/\/policia.edu.co\/memoria\/wp-content\/uploads\/2025\/09\/IMG_20250715_101404-scaled.jpg);\"> &nbsp; <\/div><div class=\"video-texture \"> <span class=\"ie-fix\"><\/span> <\/div><\/div><!--\/swiper-slide--><div class=\"swiper-slide\" data-bg-alignment=\"center\" data-color-scheme=\"dark\" data-x-pos=\"left\" data-y-pos=\"middle\"> \r\n\t\t\t\t\t\t\t\t<div class=\"image-bg\" style=\"background-image: url(https:\/\/policia.edu.co\/memoria\/wp-content\/uploads\/2025\/10\/MERCADO-CAMPESINO-1-scaled.jpg);\"> &nbsp; <\/div><div class=\"video-texture \"> <span class=\"ie-fix\"><\/span> <\/div><\/div><!--\/swiper-slide--><\/div><a href=\"\" class=\"slider-prev\"><i class=\"icon-salient-left-arrow\"><\/i> <div class=\"slide-count\"> <span class=\"slide-current\">1<\/span> <i class=\"icon-salient-right-line\"><\/i> <span class=\"slide-total\"><\/span> <\/div> <\/a>\r\n\t\t\t\t     \t\t<a href=\"\" class=\"slider-next\"><i class=\"icon-salient-right-arrow\"><\/i> <div class=\"slide-count\"> <span class=\"slide-current\">1<\/span> <i class=\"icon-salient-right-line\"><\/i> <span class=\"slide-total\"><\/span> <\/div> <\/a><div class=\"slider-pagination\"><\/div><div class=\"nectar-slider-loading \"> <span class=\"loading-icon none\">   <\/span> <\/div> <\/div> \r\n\t\t\t\t\r\n\t\t\t<\/div><\/div>[\/vc_column][\/vc_row][vc_row type=\u00bbfull_width_background\u00bb full_screen_row_position=\u00bbmiddle\u00bb scene_position=\u00bbcenter\u00bb text_color=\u00bbdark\u00bb text_align=\u00bbleft\u00bb disable_element=\u00bbyes\u00bb overlay_strength=\u00bb0.3&#8243; shape_divider_position=\u00bbbottom\u00bb shape_type=\u00bb\u00bb][vc_column column_padding=\u00bbno-extra-padding\u00bb column_padding_position=\u00bball\u00bb background_color_opacity=\u00bb1&#8243; background_hover_color_opacity=\u00bb1&#8243; column_shadow=\u00bbnone\u00bb column_border_radius=\u00bbnone\u00bb width=\u00bb1\/1&#8243; tablet_text_alignment=\u00bbdefault\u00bb phone_text_alignment=\u00bbdefault\u00bb column_border_width=\u00bbnone\u00bb column_border_style=\u00bbsolid\u00bb]<div class=\"divider-wrap\"><div style=\"height: 25px;\" class=\"divider\"><\/div><\/div>[\/vc_column][\/vc_row][vc_row type=\u00bbin_container\u00bb full_screen_row_position=\u00bbmiddle\u00bb scene_position=\u00bbcenter\u00bb text_color=\u00bbdark\u00bb text_align=\u00bbleft\u00bb overlay_strength=\u00bb0.3&#8243; shape_divider_position=\u00bbbottom\u00bb][vc_column column_padding=\u00bbno-extra-padding\u00bb column_padding_position=\u00bball\u00bb background_color_opacity=\u00bb1&#8243; background_hover_color_opacity=\u00bb1&#8243; column_shadow=\u00bbnone\u00bb column_border_radius=\u00bbnone\u00bb width=\u00bb1\/1&#8243; tablet_text_alignment=\u00bbdefault\u00bb phone_text_alignment=\u00bbdefault\u00bb column_border_width=\u00bbnone\u00bb column_border_style=\u00bbsolid\u00bb]\r\n    <div class=\"col span_12 section-title text-align-center extra-padding\">\r\n\t\t<h2>\n<h2>Polic\u00eda:\u00a0 un compromiso de vida<\/h2>\n<\/h2><p>La Unidad Policial para la Edificaci\u00f3n de la Paz - UNIPEP, est\u00e1 trabajando en la construcci\u00f3n de la Memoria Hist\u00f3rica Institucional como una contribuci\u00f3n al deber de memoria del Estado y al reconocimiento del servicio de polic\u00eda en el marco del conflicto armado interno.<\/p><\/div><div class=\"clear\"><\/div>[\/vc_column][\/vc_row][vc_row type=\u00bbfull_width_content\u00bb full_screen_row_position=\u00bbmiddle\u00bb equal_height=\u00bbyes\u00bb content_placement=\u00bbmiddle\u00bb bg_color=\u00bb#ffffff\u00bb scene_position=\u00bbcenter\u00bb text_color=\u00bbdark\u00bb text_align=\u00bbleft\u00bb overlay_strength=\u00bb0.3&#8243; shape_divider_position=\u00bbbottom\u00bb shape_type=\u00bb\u00bb][vc_column column_padding=\u00bbpadding-10-percent\u00bb column_padding_position=\u00bball\u00bb background_color=\u00bb#f4f4f4&#8243; background_color_opacity=\u00bb1&#8243; background_hover_color_opacity=\u00bb1&#8243; column_shadow=\u00bbnone\u00bb column_border_radius=\u00bbnone\u00bb width=\u00bb1\/2&#8243; tablet_text_alignment=\u00bbdefault\u00bb phone_text_alignment=\u00bbdefault\u00bb column_border_width=\u00bbnone\u00bb column_border_style=\u00bbsolid\u00bb][vc_row_inner column_margin=\u00bbdefault\u00bb text_align=\u00bbleft\u00bb][vc_column_inner enable_animation=\u00bbtrue\u00bb animation=\u00bbfade-in-from-bottom\u00bb column_padding=\u00bbno-extra-padding\u00bb column_padding_position=\u00bball\u00bb background_color_opacity=\u00bb1&#8243; background_hover_color_opacity=\u00bb1&#8243; column_shadow=\u00bbnone\u00bb column_border_radius=\u00bbnone\u00bb width=\u00bb1\/1&#8243; column_border_width=\u00bbnone\u00bb column_border_style=\u00bbsolid\u00bb][vc_custom_heading text=\u00bb\u00bfQui\u00e9nes somos?\u00bb font_container=\u00bbtag:h5|text_align:left|color:%23bfbfbf\u00bb use_theme_fonts=\u00bbyes\u00bb css=\u00bb.vc_custom_1638888748079{margin-bottom: 10px !important;}\u00bb][vc_custom_heading text=\u00bbUNIDAD POLICIAL PARA LA EDIFICACI\u00d3N DE LA PAZ \u00bb font_container=\u00bbtag:h2|font_size:40|text_align:left|line_height:50px\u00bb use_theme_fonts=\u00bbyes\u00bb][vc_custom_heading text=\u00bbTrabajamos en la consolidaci\u00f3n de la cultura de construcci\u00f3n de paz en todos los territorios de la geograf\u00eda colombiana, contando con la participaci\u00f3n ciudadana en las zonas urbanas y rurales, siendo coadyuvantes en el cumplimiento de los objetivos misionales de la Polic\u00eda Nacional, en b\u00fasqueda del fortalecimiento del tejido social y de cara al cumplimiento de la Pol\u00edtica de Paz Total.\u00bb font_container=\u00bbtag:p|text_align:left|color:rgba(10%2C10%2C10%2C0.6)\u00bb use_theme_fonts=\u00bbyes\u00bb][nectar_btn size=\u00bblarge\u00bb button_style=\u00bbsee-through-2&#8243; hover_text_color_override=\u00bb#ffffff\u00bb icon_family=\u00bbnone\u00bb url=\u00bbhttps:\/\/policia.edu.co\/memoria\/index.php\/nosotros\/\u00bb text=\u00bbNosotros\u00bb margin_top=\u00bb30&#8243;][\/vc_column_inner][\/vc_row_inner][\/vc_column][vc_column column_padding=\u00bbno-extra-padding\u00bb column_padding_position=\u00bball\u00bb background_color_opacity=\u00bb1&#8243; background_hover_color_opacity=\u00bb1&#8243; background_image=\u00bb2026&#8243; enable_bg_scale=\u00bbtrue\u00bb column_shadow=\u00bbnone\u00bb column_border_radius=\u00bbnone\u00bb width=\u00bb1\/2&#8243; tablet_text_alignment=\u00bbdefault\u00bb phone_text_alignment=\u00bbdefault\u00bb column_border_width=\u00bbnone\u00bb column_border_style=\u00bbsolid\u00bb][\/vc_column][\/vc_row][vc_row type=\u00bbfull_width_content\u00bb full_screen_row_position=\u00bbmiddle\u00bb equal_height=\u00bbyes\u00bb content_placement=\u00bbmiddle\u00bb scene_position=\u00bbcenter\u00bb text_color=\u00bbdark\u00bb text_align=\u00bbleft\u00bb overlay_strength=\u00bb0.3&#8243; shape_divider_position=\u00bbbottom\u00bb][vc_column column_padding=\u00bbno-extra-padding\u00bb column_padding_position=\u00bball\u00bb background_color_opacity=\u00bb1&#8243; background_hover_color_opacity=\u00bb1&#8243; background_image=\u00bb1948&#8243; enable_bg_scale=\u00bbtrue\u00bb column_shadow=\u00bbnone\u00bb column_border_radius=\u00bbnone\u00bb width=\u00bb1\/2&#8243; tablet_text_alignment=\u00bbdefault\u00bb phone_text_alignment=\u00bbdefault\u00bb column_border_width=\u00bbnone\u00bb column_border_style=\u00bbsolid\u00bb][\/vc_column][vc_column column_padding=\u00bbpadding-10-percent\u00bb column_padding_position=\u00bball\u00bb background_color=\u00bb#ffffff\u00bb background_color_opacity=\u00bb1&#8243; background_hover_color_opacity=\u00bb1&#8243; column_shadow=\u00bbnone\u00bb column_border_radius=\u00bbnone\u00bb width=\u00bb1\/2&#8243; tablet_text_alignment=\u00bbdefault\u00bb phone_text_alignment=\u00bbdefault\u00bb column_border_width=\u00bbnone\u00bb column_border_style=\u00bbsolid\u00bb][vc_row_inner column_margin=\u00bbdefault\u00bb text_align=\u00bbleft\u00bb][vc_column_inner enable_animation=\u00bbtrue\u00bb animation=\u00bbfade-in-from-bottom\u00bb column_padding=\u00bbno-extra-padding\u00bb column_padding_position=\u00bball\u00bb background_color_opacity=\u00bb1&#8243; background_hover_color_opacity=\u00bb1&#8243; column_shadow=\u00bbnone\u00bb column_border_radius=\u00bbnone\u00bb width=\u00bb1\/1&#8243; column_border_width=\u00bbnone\u00bb column_border_style=\u00bbsolid\u00bb][vc_custom_heading text=\u00bbConozca Nuestras Publicaciones\u00bb font_container=\u00bbtag:h5|text_align:left|color:%23bfbfbf\u00bb use_theme_fonts=\u00bbyes\u00bb css=\u00bb.vc_custom_1587759970362{margin-bottom: 10px !important;}\u00bb link=\u00bburl:https%3A%2F%2Fpolicia.edu.co%2Fmemoria%2Findex.php%2Fpublicaciones%2F|||\u00bb][vc_custom_heading text=\u00bb\u00bfQu\u00e9 podr\u00e1 encontrar aqu\u00ed?\u00bb font_container=\u00bbtag:h2|font_size:40|text_align:left|line_height:50px\u00bb use_theme_fonts=\u00bbyes\u00bb][vc_custom_heading text=\u00bbEn este espacio podr\u00e1 leer, ver, escuchar y\/o descargar de manera gratuita, las publicaciones realizadas en pro de contribuir con la Memoria del pa\u00eds, elaboradas por integrantes de la Instituci\u00f3n o de sus familias las cuales est\u00e1n basadas en dos l\u00edneas: el ser humano y el servicio de Polic\u00eda, reconstruidas del contexto y las vivencias de los polic\u00edas v\u00edctimas y sus familias.\u00bb font_container=\u00bbtag:p|text_align:left|color:rgba(10%2C10%2C10%2C0.6)\u00bb use_theme_fonts=\u00bbyes\u00bb][nectar_btn size=\u00bblarge\u00bb button_style=\u00bbsee-through-2&#8243; hover_text_color_override=\u00bb#ffffff\u00bb icon_family=\u00bbnone\u00bb url=\u00bbhttps:\/\/policia.edu.co\/memoria\/index.php\/nuestras-publicaciones\/\u00bb text=\u00bbNuestras Publicaciones\u00bb margin_top=\u00bb30&#8243;][\/vc_column_inner][\/vc_row_inner][\/vc_column][\/vc_row][vc_row type=\u00bbfull_width_content\u00bb full_screen_row_position=\u00bbmiddle\u00bb equal_height=\u00bbyes\u00bb content_placement=\u00bbmiddle\u00bb bg_color=\u00bb#ffffff\u00bb scene_position=\u00bbcenter\u00bb text_color=\u00bbdark\u00bb text_align=\u00bbleft\u00bb overlay_strength=\u00bb0.3&#8243; shape_divider_position=\u00bbbottom\u00bb][vc_column column_padding=\u00bbpadding-10-percent\u00bb column_padding_position=\u00bball\u00bb background_color=\u00bb#f4f4f4&#8243; background_color_opacity=\u00bb1&#8243; background_hover_color_opacity=\u00bb1&#8243; column_shadow=\u00bbnone\u00bb column_border_radius=\u00bbnone\u00bb width=\u00bb1\/2&#8243; tablet_text_alignment=\u00bbdefault\u00bb phone_text_alignment=\u00bbdefault\u00bb column_border_width=\u00bbnone\u00bb column_border_style=\u00bbsolid\u00bb][vc_row_inner column_margin=\u00bbdefault\u00bb text_align=\u00bbleft\u00bb][vc_column_inner enable_animation=\u00bbtrue\u00bb animation=\u00bbfade-in-from-bottom\u00bb column_padding=\u00bbno-extra-padding\u00bb column_padding_position=\u00bball\u00bb background_color_opacity=\u00bb1&#8243; background_hover_color_opacity=\u00bb1&#8243; column_shadow=\u00bbnone\u00bb column_border_radius=\u00bbnone\u00bb width=\u00bb1\/1&#8243; column_border_width=\u00bbnone\u00bb column_border_style=\u00bbsolid\u00bb][vc_custom_heading text=\u00bbEscritos a la Memoria\u00bb font_container=\u00bbtag:h5|text_align:left|color:%23bfbfbf\u00bb use_theme_fonts=\u00bbyes\u00bb css=\u00bb.vc_custom_1587760228924{margin-bottom: 10px !important;}\u00bb][vc_custom_heading text=\u00bb\u00bfQu\u00e9 es &#8230;?\u00bb font_container=\u00bbtag:h2|font_size:40|text_align:left|line_height:50px\u00bb use_theme_fonts=\u00bbyes\u00bb][vc_custom_heading text=\u00bbEs un espacio donde podr\u00e1 encontrar escritos que narran sentimientos y emociones desde la visi\u00f3n de los integrantes de la Instituci\u00f3n, compa\u00f1eros, amigos entre otros, relacionados con los hechos que han entristecido a la Polic\u00eda Nacional, y que deben ser conocidos por la comunidad.\u00bb font_container=\u00bbtag:p|text_align:left|color:rgba(10%2C10%2C10%2C0.6)\u00bb use_theme_fonts=\u00bbyes\u00bb][nectar_btn size=\u00bblarge\u00bb button_style=\u00bbsee-through-2&#8243; hover_text_color_override=\u00bb#ffffff\u00bb icon_family=\u00bbnone\u00bb url=\u00bb https:\/\/policia.edu.co\/memoria\/index.php\/escritos-memoria\/\u00bb text=\u00bbEscritos a la Memoria\u00bb margin_top=\u00bb30&#8243;][\/vc_column_inner][\/vc_row_inner][\/vc_column][vc_column column_padding=\u00bbno-extra-padding\u00bb column_padding_position=\u00bball\u00bb background_color_opacity=\u00bb1&#8243; background_hover_color_opacity=\u00bb1&#8243; background_image=\u00bb441&#8243; enable_bg_scale=\u00bbtrue\u00bb column_shadow=\u00bbnone\u00bb column_border_radius=\u00bbnone\u00bb width=\u00bb1\/2&#8243; tablet_text_alignment=\u00bbdefault\u00bb phone_text_alignment=\u00bbdefault\u00bb column_border_width=\u00bbnone\u00bb column_border_style=\u00bbsolid\u00bb][\/vc_column][\/vc_row][vc_row type=\u00bbfull_width_content\u00bb full_screen_row_position=\u00bbmiddle\u00bb equal_height=\u00bbyes\u00bb content_placement=\u00bbmiddle\u00bb scene_position=\u00bbcenter\u00bb text_color=\u00bbdark\u00bb text_align=\u00bbleft\u00bb overlay_strength=\u00bb0.3&#8243; shape_divider_position=\u00bbbottom\u00bb][vc_column column_padding=\u00bbno-extra-padding\u00bb column_padding_position=\u00bball\u00bb background_color_opacity=\u00bb1&#8243; background_hover_color_opacity=\u00bb1&#8243; background_image=\u00bb1653&#8243; enable_bg_scale=\u00bbtrue\u00bb column_shadow=\u00bbnone\u00bb column_border_radius=\u00bbnone\u00bb width=\u00bb1\/2&#8243; tablet_text_alignment=\u00bbdefault\u00bb phone_text_alignment=\u00bbdefault\u00bb column_border_width=\u00bbnone\u00bb column_border_style=\u00bbsolid\u00bb][\/vc_column][vc_column column_padding=\u00bbpadding-10-percent\u00bb column_padding_position=\u00bball\u00bb background_color=\u00bb#ffffff\u00bb background_color_opacity=\u00bb1&#8243; background_hover_color_opacity=\u00bb1&#8243; column_shadow=\u00bbnone\u00bb column_border_radius=\u00bbnone\u00bb width=\u00bb1\/2&#8243; tablet_text_alignment=\u00bbdefault\u00bb phone_text_alignment=\u00bbdefault\u00bb column_border_width=\u00bbnone\u00bb column_border_style=\u00bbsolid\u00bb][vc_row_inner column_margin=\u00bbdefault\u00bb text_align=\u00bbleft\u00bb][vc_column_inner enable_animation=\u00bbtrue\u00bb animation=\u00bbfade-in-from-bottom\u00bb column_padding=\u00bbno-extra-padding\u00bb column_padding_position=\u00bball\u00bb background_color_opacity=\u00bb1&#8243; background_hover_color_opacity=\u00bb1&#8243; column_shadow=\u00bbnone\u00bb column_border_radius=\u00bbnone\u00bb width=\u00bb1\/1&#8243; column_border_width=\u00bbnone\u00bb column_border_style=\u00bbsolid\u00bb][vc_custom_heading text=\u00bbOtras Miradas&#8230;\u00bb font_container=\u00bbtag:h2|font_size:40|text_align:left|line_height:50px\u00bb use_theme_fonts=\u00bbyes\u00bb][vc_custom_heading text=\u00bbLas publicaciones, comentarios u opiniones dadas por otras entidades o personas, donde focalizan el trabajo que viene llevando a cabo la Polic\u00eda Nacional en pro de dignificar el compromiso y entrega de los polic\u00edas v\u00edctimas y exaltar el aporte del servicio de Polic\u00eda en el marco del conflicto armado interno.\u00bb font_container=\u00bbtag:p|text_align:left|color:rgba(10%2C10%2C10%2C0.6)\u00bb use_theme_fonts=\u00bbyes\u00bb][nectar_btn size=\u00bblarge\u00bb button_style=\u00bbsee-through-2&#8243; hover_text_color_override=\u00bb#ffffff\u00bb icon_family=\u00bbnone\u00bb url=\u00bbhttps:\/\/policia.edu.co\/memoria\/index.php\/otras-miradas\/\u00bb text=\u00bbAcceder \u00bb margin_top=\u00bb30&#8243;][\/vc_column_inner][\/vc_row_inner][\/vc_column][\/vc_row][vc_row type=\u00bbfull_width_content\u00bb full_screen_row_position=\u00bbmiddle\u00bb equal_height=\u00bbyes\u00bb content_placement=\u00bbmiddle\u00bb bg_color=\u00bb#ffffff\u00bb scene_position=\u00bbcenter\u00bb text_color=\u00bbdark\u00bb text_align=\u00bbleft\u00bb overlay_strength=\u00bb0.3&#8243; shape_divider_position=\u00bbbottom\u00bb][vc_column column_padding=\u00bbpadding-10-percent\u00bb column_padding_position=\u00bball\u00bb background_color=\u00bb#f4f4f4&#8243; background_color_opacity=\u00bb1&#8243; background_hover_color_opacity=\u00bb1&#8243; column_shadow=\u00bbnone\u00bb column_border_radius=\u00bbnone\u00bb width=\u00bb1\/2&#8243; tablet_text_alignment=\u00bbdefault\u00bb phone_text_alignment=\u00bbdefault\u00bb column_border_width=\u00bbnone\u00bb column_border_style=\u00bbsolid\u00bb][vc_row_inner column_margin=\u00bbdefault\u00bb text_align=\u00bbleft\u00bb][vc_column_inner enable_animation=\u00bbtrue\u00bb animation=\u00bbfade-in-from-bottom\u00bb column_padding=\u00bbno-extra-padding\u00bb column_padding_position=\u00bball\u00bb background_color_opacity=\u00bb1&#8243; background_hover_color_opacity=\u00bb1&#8243; column_shadow=\u00bbnone\u00bb column_border_radius=\u00bbnone\u00bb width=\u00bb1\/1&#8243; column_border_width=\u00bbnone\u00bb column_border_style=\u00bbsolid\u00bb][vc_custom_heading text=\u00bbVentana a la Memoria\u00bb font_container=\u00bbtag:h5|text_align:left|color:%23bfbfbf\u00bb use_theme_fonts=\u00bbyes\u00bb css=\u00bb.vc_custom_1587763628297{margin-bottom: 10px !important;}\u00bb][vc_custom_heading text=\u00bbDentro de esta ventana\u00bb font_container=\u00bbtag:h2|font_size:40|text_align:left|line_height:50px\u00bb use_theme_fonts=\u00bbyes\u00bb][vc_custom_heading text=\u00bbPodr\u00e1 observar los lugares de Memoria Hist\u00f3rica Institucional, que dignifican y recuerdan el sacrificio de miles de hombres y mujeres polic\u00edas v\u00edctimas en el conflicto armado interno colombiano.\u00bb font_container=\u00bbtag:p|text_align:left|color:rgba(10%2C10%2C10%2C0.6)\u00bb use_theme_fonts=\u00bbyes\u00bb][nectar_btn size=\u00bblarge\u00bb button_style=\u00bbsee-through-2&#8243; hover_text_color_override=\u00bb#ffffff\u00bb icon_family=\u00bbnone\u00bb text=\u00bbVentana a la Memoria\u00bb margin_top=\u00bb30&#8243; url=\u00bbhttps:\/\/www.google.com\/maps\/d\/edit?mid=138J0XGSbFAfrBW-Vb3lMPQwUByanEW0&amp;usp=sharing\u00bb][\/vc_column_inner][\/vc_row_inner][\/vc_column][vc_column column_padding=\u00bbno-extra-padding\u00bb column_padding_position=\u00bball\u00bb background_color_opacity=\u00bb1&#8243; background_hover_color_opacity=\u00bb1&#8243; background_image=\u00bbhttps:\/\/source.unsplash.com\/Nj0mCM6nikI\u00bb enable_bg_scale=\u00bbtrue\u00bb column_shadow=\u00bbnone\u00bb column_border_radius=\u00bbnone\u00bb width=\u00bb1\/2&#8243; tablet_text_alignment=\u00bbdefault\u00bb phone_text_alignment=\u00bbdefault\u00bb column_border_width=\u00bbnone\u00bb column_border_style=\u00bbsolid\u00bb][vc_column_text]<iframe loading=\"lazy\" src=\"https:\/\/www.google.com\/maps\/d\/embed?mid=138J0XGSbFAfrBW-Vb3lMPQwUByanEW0&amp;ehbc=2E312F\" width=\"640\" height=\"480\"><\/iframe>[\/vc_column_text][\/vc_column][\/vc_row][vc_row type=\u00bbfull_width_background\u00bb full_screen_row_position=\u00bbmiddle\u00bb scene_position=\u00bbcenter\u00bb text_color=\u00bbdark\u00bb text_align=\u00bbleft\u00bb disable_element=\u00bbyes\u00bb overlay_strength=\u00bb0.3&#8243; shape_divider_position=\u00bbbottom\u00bb shape_type=\u00bb\u00bb][vc_column column_padding=\u00bbno-extra-padding\u00bb column_padding_position=\u00bball\u00bb background_color_opacity=\u00bb1&#8243; background_hover_color_opacity=\u00bb1&#8243; column_shadow=\u00bbnone\u00bb column_border_radius=\u00bbnone\u00bb width=\u00bb1\/1&#8243; tablet_text_alignment=\u00bbdefault\u00bb phone_text_alignment=\u00bbdefault\u00bb column_border_width=\u00bbnone\u00bb column_border_style=\u00bbsolid\u00bb][vc_column_text]\n<p><!--vcv no format-->[\/vc_column_text][\/vc_column][\/vc_row]\n","protected":false},"excerpt":{"rendered":"<p>[vc_row type=\u00bbfull_width_background\u00bb full_screen_row_position=\u00bbmiddle\u00bb mouse_based_parallax_bg=\u00bbtrue\u00bb scene_position=\u00bbcenter\u00bb text_color=\u00bbdark\u00bb text_align=\u00bbleft\u00bb top_padding=\u00bb22%\u00bb bottom_padding=\u00bb18%\u00bb overlay_strength=\u00bb0.3&#8243; shape_divider_position=\u00bbbottom\u00bb shape_type=\u00bb\u00bb][vc_column column_padding=\u00bbno-extra-padding\u00bb column_padding_position=\u00bball\u00bb background_color_opacity=\u00bb1&#8243; background_hover_color_opacity=\u00bb1&#8243; column_shadow=\u00bbnone\u00bb column_border_radius=\u00bbnone\u00bb width=\u00bb1\/1&#8243; tablet_text_alignment=\u00bbdefault\u00bb phone_text_alignment=\u00bbdefault\u00bb column_border_width=\u00bbnone\u00bb column_border_style=\u00bbsolid\u00bb][\/vc_column][\/vc_row][vc_row type=\u00bbfull_width_background\u00bb full_screen_row_position=\u00bbmiddle\u00bb scene_position=\u00bbcenter\u00bb text_color=\u00bbdark\u00bb text_align=\u00bbleft\u00bb disable_element=\u00bbyes\u00bb overlay_strength=\u00bb0.3&#8243;&#8230;<\/p>\n","protected":false},"author":1,"featured_media":0,"parent":0,"menu_order":0,"comment_status":"closed","ping_status":"closed","template":"","meta":[],"_links":{"self":[{"href":"https:\/\/policia.edu.co\/memoria\/index.php\/wp-json\/wp\/v2\/pages\/158"}],"collection":[{"href":"https:\/\/policia.edu.co\/memoria\/index.php\/wp-json\/wp\/v2\/pages"}],"about":[{"href":"https:\/\/policia.edu.co\/memoria\/index.php\/wp-json\/wp\/v2\/types\/page"}],"author":[{"embeddable":true,"href":"https:\/\/policia.edu.co\/memoria\/index.php\/wp-json\/wp\/v2\/users\/1"}],"replies":[{"embeddable":true,"href":"https:\/\/policia.edu.co\/memoria\/index.php\/wp-json\/wp\/v2\/comments?post=158"}],"version-history":[{"count":70,"href":"https:\/\/policia.edu.co\/memoria\/index.php\/wp-json\/wp\/v2\/pages\/158\/revisions"}],"predecessor-version":[{"id":2456,"href":"https:\/\/policia.edu.co\/memoria\/index.php\/wp-json\/wp\/v2\/pages\/158\/revisions\/2456"}],"wp:attachment":[{"href":"https:\/\/policia.edu.co\/memoria\/index.php\/wp-json\/wp\/v2\/media?parent=158"}],"curies":[{"name":"wp","href":"https:\/\/api.w.org\/{rel}","templated":true}]}}