{"id":1903,"date":"2021-10-15T13:27:21","date_gmt":"2021-10-15T13:27:21","guid":{"rendered":"https:\/\/policia.edu.co\/memoria\/?page_id=1903"},"modified":"2025-09-05T14:15:04","modified_gmt":"2025-09-05T14:15:04","slug":"un_dolor-corazon","status":"publish","type":"page","link":"https:\/\/policia.edu.co\/memoria\/index.php\/un_dolor-corazon\/","title":{"rendered":"UN DOLOR EN EL CORAZ\u00d3N"},"content":{"rendered":"[vc_row type=\u00bbin_container\u00bb full_screen_row_position=\u00bbmiddle\u00bb scene_position=\u00bbcenter\u00bb text_color=\u00bbdark\u00bb text_align=\u00bbleft\u00bb overlay_strength=\u00bb0.3&#8243; shape_divider_position=\u00bbbottom\u00bb][vc_column column_padding=\u00bbno-extra-padding\u00bb column_padding_position=\u00bball\u00bb background_color_opacity=\u00bb1&#8243; background_hover_color_opacity=\u00bb1&#8243; column_shadow=\u00bbnone\u00bb column_border_radius=\u00bbnone\u00bb width=\u00bb1\/1&#8243; tablet_text_alignment=\u00bbdefault\u00bb phone_text_alignment=\u00bbdefault\u00bb column_border_width=\u00bbnone\u00bb column_border_style=\u00bbsolid\u00bb][vc_custom_heading text=\u00bbINICIATIVA DE MEMORIA<br \/>\n\u00abUN DOLOR GUARDADO EN EL CORAZ\u00d3N\u00ab\u00bb font_container=\u00bbtag:h2|text_align:center\u00bb use_theme_fonts=\u00bbyes\u00bb][\/vc_column][\/vc_row][vc_row type=\u00bbin_container\u00bb full_screen_row_position=\u00bbmiddle\u00bb scene_position=\u00bbcenter\u00bb text_color=\u00bbdark\u00bb text_align=\u00bbleft\u00bb overlay_strength=\u00bb0.3&#8243; shape_divider_position=\u00bbbottom\u00bb][vc_column column_padding=\u00bbno-extra-padding\u00bb column_padding_position=\u00bball\u00bb background_color_opacity=\u00bb1&#8243; background_hover_color_opacity=\u00bb1&#8243; column_shadow=\u00bbnone\u00bb column_border_radius=\u00bbnone\u00bb width=\u00bb1\/1&#8243; tablet_text_alignment=\u00bbdefault\u00bb phone_text_alignment=\u00bbdefault\u00bb column_border_width=\u00bbnone\u00bb column_border_style=\u00bbsolid\u00bb][nectar_image_with_hotspots image=\u00bb2602&#8243; preview=\u00bbhttps:\/\/policia.edu.co\/memoria\/wp-content\/uploads\/2025\/07\/UN-DOLOR-GUARDADO.jpg\u00bb color_1=\u00bbExtra-Color-1&#8243; hotspot_icon=\u00bbplus_sign\u00bb tooltip=\u00bbhover\u00bb tooltip_shadow=\u00bbnone\u00bb][nectar_hotspot left=\u00bb97.47606614447345%\u00bb top=\u00bb95.9906720089715%\u00bb position=\u00bbtop\u00bb][\/nectar_hotspot][\/nectar_image_with_hotspots][vc_custom_heading text=\u00bbEn este espacio encontrar\u00e1 seis minimetrajes animados que narran las historias de vida de funcionarios de la Polic\u00eda Nacional que, junto a sus familias, fueron v\u00edctimas del conflicto armado colombiano. Estas historias se presentan como un acto de honor, exaltaci\u00f3n y homenaje a quienes entregaron su vida en el cumplimiento de esta noble labor, reflejando su valent\u00eda, compromiso y sacrificio en la defensa de la sociedad.\u00bb font_container=\u00bbtag:h3|text_align:center\u00bb use_theme_fonts=\u00bbyes\u00bb][\/vc_column][\/vc_row][vc_row type=\u00bbin_container\u00bb full_screen_row_position=\u00bbmiddle\u00bb scene_position=\u00bbcenter\u00bb text_color=\u00bbdark\u00bb text_align=\u00bbleft\u00bb overlay_strength=\u00bb0.3&#8243; shape_divider_position=\u00bbbottom\u00bb][vc_column column_padding=\u00bbno-extra-padding\u00bb column_padding_position=\u00bball\u00bb background_color_opacity=\u00bb1&#8243; background_hover_color_opacity=\u00bb1&#8243; column_shadow=\u00bbnone\u00bb column_border_radius=\u00bbnone\u00bb width=\u00bb1\/3&#8243; tablet_text_alignment=\u00bbdefault\u00bb phone_text_alignment=\u00bbdefault\u00bb column_border_width=\u00bbnone\u00bb column_border_style=\u00bbsolid\u00bb]<div class=\"divider-wrap\"><div style=\"height: 25px;\" class=\"divider\"><\/div><\/div>[vc_column_text]<iframe loading=\"lazy\" title=\"YouTube video player\" src=\"https:\/\/www.youtube.com\/embed\/DBaeLhEAGK4?si=X3dhTek4DOPzVlZe\" width=\"560\" height=\"315\" frameborder=\"0\" allowfullscreen=\"allowfullscreen\"><\/iframe>[\/vc_column_text]<div class=\"divider-wrap\"><div style=\"height: 25px;\" class=\"divider\"><\/div><\/div>[vc_column_text]\n<h2><\/h2>\n<h2><b>Cabo Segundo N\u00e9stor Emilio Guzm\u00e1n<\/b><\/h2>\n<h5>(Secuestrado en la toma de Uramita, Antioquia en 1991)<\/h5>\n<p>El cabo segundo N\u00e9stor Emilio Guzm\u00e1n Rojas (ilustraci\u00f3n 4) ten\u00eda 22 a\u00f1os cuando fue secuestrado, junto a dos de sus compa\u00f1eros, el 8 de julio de 1991 en el municipio de Uramita, Antioquia, por el Frente 34 de las FARC. Nunca le fue enviada a su familia prueba alguna de supervivencia. La \u00fanica noticia que se tuvo de \u00e9l fue por un mensaje que consigui\u00f3 hacer llegar al peri\u00f3dico El Colombiano de Medell\u00edn y publicado el 10 de enero de 1992. En \u00e9l hac\u00eda un llamado al gobierno nacional y departamental, a la Procuradur\u00eda General, a la Cruz Roja, a Derechos Humanos, entre otros, para que no se olvidaran de los militares y polic\u00edas que estaban 16 en poder de la guerrilla. Ped\u00eda que les colaboraran para volver a estar con sus familias, que los necesitaban.[\/vc_column_text]<div class=\"divider-wrap\"><div style=\"height: 25px;\" class=\"divider\"><\/div><\/div><div class=\"divider-wrap\"><div style=\"height: 25px;\" class=\"divider\"><\/div><\/div><div class=\"divider-wrap\"><div style=\"height: 25px;\" class=\"divider\"><\/div><\/div><div class=\"divider-wrap\"><div style=\"height: 25px;\" class=\"divider\"><\/div><\/div>[vc_column_text]<iframe loading=\"lazy\" title=\"YouTube video player\" src=\"https:\/\/www.youtube.com\/embed\/DBaeLhEAGK4?si=a-QoQdQoF_5PliVR\" width=\"560\" height=\"315\" frameborder=\"0\" allowfullscreen=\"allowfullscreen\"><\/iframe>[\/vc_column_text]<div class=\"divider-wrap\"><div style=\"height: 25px;\" class=\"divider\"><\/div><\/div>[vc_column_text]\n<h2><\/h2>\n<h2>Capit\u00e1n Efr\u00e9n Cepeda<\/h2>\n<h5>(Muerto en un atentado con \u201ccarro bomba\u201d en Fontib\u00f3n en 1997)<\/h5>\n<p>El capit\u00e1n Efr\u00e9n Cepeda Soto ten\u00eda 31 a\u00f1os cuando muri\u00f3 en Fontib\u00f3n a causa de la explosi\u00f3n de un carro bomba el 17 de junio de 1997, en medio de un operativo de inteligencia que buscaba incautar un supuesto cargamento de armas. Al parecer se habr\u00eda tratado de una emboscada; la guerrilla, a trav\u00e9s de sus milicias urbanas, habr\u00eda enga\u00f1ado a los hombres de inteligencia permitiendo la incautaci\u00f3n del carro bomba para explotarlo en el momento en que fuera revisado.<br \/>\nSe habr\u00eda tratado de una represalia por los continuos golpes que este grupo de Inteligencia hab\u00eda asentado a la guerrilla y a los narcotraficantes. En el atentado murieron ocho personas m\u00e1s, entre ellas el mayor Javier Antonio Uribe y el capit\u00e1n Miguel \u00c1ngel Blanco quienes, junto con Efr\u00e9n, eran conocidos como Los tres mosqueteros: expertos oficiales preparados por la DEA y la CIA, adscritos al principal cuerpo \u00e9lite de inteligencia de la Polic\u00eda Nacional y dirigidos por el general Rosso Jos\u00e9 Serrano y el coronel Oscar Naranjo. Doce personas m\u00e1s resultaron heridas en ese atentado.[\/vc_column_text][\/vc_column][vc_column column_padding=\u00bbno-extra-padding\u00bb column_padding_position=\u00bball\u00bb background_color_opacity=\u00bb1&#8243; background_hover_color_opacity=\u00bb1&#8243; column_shadow=\u00bbnone\u00bb column_border_radius=\u00bbnone\u00bb width=\u00bb1\/3&#8243; tablet_text_alignment=\u00bbdefault\u00bb phone_text_alignment=\u00bbdefault\u00bb column_border_width=\u00bbnone\u00bb column_border_style=\u00bbsolid\u00bb]<div class=\"divider-wrap\"><div style=\"height: 25px;\" class=\"divider\"><\/div><\/div>[vc_column_text]<iframe loading=\"lazy\" title=\"YouTube video player\" src=\"https:\/\/www.youtube.com\/embed\/MyC0uD5mtac?si=JVhaoUGQzsH9YZe_\" width=\"560\" height=\"315\" frameborder=\"0\" allowfullscreen=\"allowfullscreen\"><\/iframe>[\/vc_column_text]<div class=\"divider-wrap\"><div style=\"height: 25px;\" class=\"divider\"><\/div><\/div>[vc_column_text]\n<h2><\/h2>\n<h2>Cabo segundo Jes\u00fas Patricio Benavides<\/h2>\n<h5>(Muerto en la toma guerrillera de San Pablo, Nari\u00f1o, en 1992)<\/h5>\n<p>El cabo segundo Jes\u00fas Patricio Benavides ten\u00eda 26 a\u00f1os y pertenec\u00eda a la Polic\u00eda comunitaria de San Pablo, Nari\u00f1o. El 23 de diciembre de 1992, cuando \u00e9l y su compa\u00f1ero Jes\u00fas Naspucil preparaban regalos navide\u00f1os para los ni\u00f1os pobres dentro de la estaci\u00f3n de polic\u00eda, fueron sorprendidos por cien hombres del Frente 29 de las Farc que se tomaron la poblaci\u00f3n a las cinco y media de la tarde. Los dos estaban solos en la estaci\u00f3n porque sus dem\u00e1s compa\u00f1eros hab\u00edan<br \/>\norganizado una cena de bienvenida para el nuevo comandante que llegaba ese d\u00eda. El ataque fue repelido valientemente durante cerca de seis horas por los agentes, pero la guerrilla ten\u00eda rodeada la estaci\u00f3n y, a pesar de que sus compa\u00f1eros fueron a apoyarlos cuando oyeron los disparos, los dos murieron y dos polic\u00edas m\u00e1s resultaron heridos.[\/vc_column_text]<div class=\"divider-wrap\"><div style=\"height: 25px;\" class=\"divider\"><\/div><\/div><div class=\"divider-wrap\"><div style=\"height: 25px;\" class=\"divider\"><\/div><\/div><div class=\"divider-wrap\"><div style=\"height: 25px;\" class=\"divider\"><\/div><\/div>[vc_column_text]<iframe loading=\"lazy\" title=\"YouTube video player\" src=\"https:\/\/www.youtube.com\/embed\/0q-Yx261ZFk?si=_TAqnOgSvDxWHm95\" width=\"560\" height=\"315\" frameborder=\"0\" allowfullscreen=\"allowfullscreen\"><\/iframe>[\/vc_column_text]<div class=\"divider-wrap\"><div style=\"height: 25px;\" class=\"divider\"><\/div><\/div>[vc_column_text]\n<h2><\/h2>\n<h2>Patrullero Eduard Mauricio Betancourt<\/h2>\n<h5>(Secuestrado en un operativo en Puerto Principe, Vichada en 1998 y despu\u00e9s desaparecido)<\/h5>\n<p>El patrullero Eduard Mauricio Betancourt \u00c1lvarez ten\u00eda 23 a\u00f1os y hac\u00eda parte del primer Comando Jungla de la Polic\u00eda Nacional, cuando el 23 de marzo de 1998 fue secuestrado junto a cuatro de 18 sus compa\u00f1eros en medio de un operativo conjunto entre polic\u00edas y militares para destruir un complejo cocalero en Puerto Pr\u00edncipe, Vichada. En medio de los combates la guerrilla destruy\u00f3 un helic\u00f3ptero, asesin\u00f3 a un patrullero e hiri\u00f3 a varios militares. La patrulla de la que hac\u00eda parte Eduard Mauricio fue retenida por el frente 16 de las FARC, comandado por el Negro Acacio. Fue \u00e9sta la primera vez que secuestraron a un grupo de polic\u00edas.<\/p>\n<p>Dieciocho meses despu\u00e9s se supo, gracias a una comunicaci\u00f3n interceptada por el Ej\u00e9rcito, que Eduard Mauricio, sus cuatro compa\u00f1eros de antinarc\u00f3ticos, un soldado y algunos guerrilleros disidentes se fugaron del campamento guerrillero. La Polic\u00eda y el Ej\u00e9rcito los buscaron pero luego se enteraron de que, tras fugarse y caminar por la selva durante doce d\u00edas, hab\u00edan llegado a la casa de un raspach\u00edn donde los atendieron y prometieron ayudarles, pero luego los delataron con la guerrilla y fueron asesinados. Se encontraron los cuerpos del Capit\u00e1n Quintero, el agente Antonio Culma y el patrullero Alfredo Rojas, pero los cuerpos de Eduard Mauricio Betancourt, el agente Gonzalo Le\u00f3n y el soldado John Jairo Cubillos nunca fueron encontrados. Seg\u00fan la Polic\u00eda la guerrilla los mat\u00f3 a todos.[\/vc_column_text][\/vc_column][vc_column column_padding=\u00bbno-extra-padding\u00bb column_padding_position=\u00bball\u00bb background_color_opacity=\u00bb1&#8243; background_hover_color_opacity=\u00bb1&#8243; column_shadow=\u00bbnone\u00bb column_border_radius=\u00bbnone\u00bb width=\u00bb1\/3&#8243; tablet_text_alignment=\u00bbdefault\u00bb phone_text_alignment=\u00bbdefault\u00bb column_border_width=\u00bbnone\u00bb column_border_style=\u00bbsolid\u00bb]<div class=\"divider-wrap\"><div style=\"height: 25px;\" class=\"divider\"><\/div><\/div>[vc_column_text]<iframe loading=\"lazy\" title=\"YouTube video player\" src=\"https:\/\/www.youtube.com\/embed\/BVexLEGev74?si=OX4V5fErz5x0V4fr\" width=\"560\" height=\"315\" frameborder=\"0\" allowfullscreen=\"allowfullscreen\"><\/iframe>[\/vc_column_text]<div class=\"divider-wrap\"><div style=\"height: 25px;\" class=\"divider\"><\/div><\/div>[vc_column_text]\n<h2><\/h2>\n<h2>Subintendente Fernando Luis Carrascal Mendoza<\/h2>\n<h5>(Muerto en la toma guerrillera de Chal\u00e1n, Sucre, en 1996)<\/h5>\n<p>El subintendente Fernando Luis Carrascal Mendoza ten\u00eda 38 a\u00f1os y era comandante de la Estaci\u00f3n de Polic\u00eda de Chal\u00e1n, Sucre, cuando el 12 de marzo de 1996, \u00e9l y diez de sus hombres fueron v\u00edctimas de una violenta toma guerrillera ejecutada por cerca de cien hombres del frente 35 de las FARC. La toma inici\u00f3 a las siete y media de la noche con la detonaci\u00f3n de un \u201cburro bomba\u201d, cargado con 60 kilos de dinamita, frente a la estaci\u00f3n de polic\u00eda. Seg\u00fan algunas<br \/>\nversiones, siete polic\u00edas habr\u00edan muerto de inmediato y cuatro habr\u00edan resistido el ataque durante 17 cuatro horas m\u00e1s. Cuando se les acabaron las municiones tuvieron que entregarse y fueron asesinados con un tiro de gracia por los guerrilleros. Despu\u00e9s de este hecho, Chal\u00e1n qued\u00f3 sin polic\u00eda y a merced de distintos grupos armados por los siguientes seis a\u00f1os.[\/vc_column_text]<div class=\"divider-wrap\"><div style=\"height: 25px;\" class=\"divider\"><\/div><\/div><div class=\"divider-wrap\"><div style=\"height: 25px;\" class=\"divider\"><\/div><\/div>[vc_column_text]<iframe loading=\"lazy\" title=\"YouTube video player\" src=\"https:\/\/www.youtube.com\/embed\/1YkoPi5GJQw?si=iMRz32tPEQLwt-1J\" width=\"560\" height=\"315\" frameborder=\"0\" allowfullscreen=\"allowfullscreen\"><\/iframe>[\/vc_column_text]<div class=\"divider-wrap\"><div style=\"height: 25px;\" class=\"divider\"><\/div><\/div>[vc_column_text]\n<h2><\/h2>\n<h2>Coronel Wilson Delgadillo Fl\u00f3rez<\/h2>\n<h5>(Sobreviviente del ataque a la Estaci\u00f3n de Puerto Lleras, Meta en 1999)<\/h5>\n<p>El hoy coronel Wilson Delgadillo Fl\u00f3rez ten\u00eda 26 a\u00f1os y era el comandante de la Estaci\u00f3n de Polic\u00eda de Puerto Lleras, Meta, cuando la guerrilla intent\u00f3 tomarse la estaci\u00f3n el s\u00e1bado 10 de julio de 1999 a las cuatro y media de la ma\u00f1ana. En ese momento la estaci\u00f3n era defendida por trece hombres al mando del coronel y otros trece pertenecientes a un Comando de Contraguerrilla que los acompa\u00f1aban desde hac\u00eda aproximadamente un mes, porque se sab\u00eda que la estaci\u00f3n iba ser atacada. Por cuestiones del azar, ese d\u00eda tambi\u00e9n estaba en la estaci\u00f3n 19 Claudia Patricia V\u00e9lez, esposa del coronel Delgadillo. El intento de toma se prolong\u00f3 por 36 horas, durante las cuales fueron atacados con r\u00e1fagas de fusil, granadas de mortero y decenas de cilindros bomba. Varios polic\u00edas resultaron heridos, incluido el coronel Delgadillo, dos integrantes del Comando Contraguerrilla murieron a causa de los cilindros bomba y la estaci\u00f3n qued\u00f3 completamente destruida.[\/vc_column_text][\/vc_column][\/vc_row][vc_row type=\u00bbfull_width_background\u00bb full_screen_row_position=\u00bbmiddle\u00bb bg_color=\u00bb#eaeaea\u00bb scene_position=\u00bbcenter\u00bb text_color=\u00bbdark\u00bb text_align=\u00bbleft\u00bb top_padding=\u00bb7%\u00bb bottom_padding=\u00bb7%\u00bb overlay_strength=\u00bb0.3&#8243; shape_divider_position=\u00bbbottom\u00bb][vc_column column_padding=\u00bbno-extra-padding\u00bb column_padding_position=\u00bball\u00bb background_color_opacity=\u00bb1&#8243; background_hover_color_opacity=\u00bb1&#8243; column_shadow=\u00bbnone\u00bb column_border_radius=\u00bbnone\u00bb width=\u00bb1\/1&#8243; tablet_text_alignment=\u00bbdefault\u00bb phone_text_alignment=\u00bbdefault\u00bb column_border_width=\u00bbnone\u00bb column_border_style=\u00bbsolid\u00bb][nectar_horizontal_list_item columns=\u00bb1&#8243; col_1_text_align=\u00bbleft\u00bb font_family=\u00bbp\u00bb hover_color=\u00bbextra-color-2&#8243; col_1_content=\u00bbEn este espacio podr\u00e1 acceder a documentales y v\u00eddeos que reflejan diversos hechos de victimizaci\u00f3n que han impactado a miembros de la instituci\u00f3n, mostrando las experiencias y sentimientos de hombres y mujeres que en su momento apostaron por la paz en Colombia, actuando con compromiso y realizando acciones nobles en beneficio de la comunidad.\u00bb][vc_row_inner column_margin=\u00bbdefault\u00bb text_align=\u00bbleft\u00bb][vc_column_inner column_padding=\u00bbno-extra-padding\u00bb column_padding_position=\u00bball\u00bb centered_text=\u00bbtrue\u00bb background_color_opacity=\u00bb1&#8243; background_hover_color_opacity=\u00bb1&#8243; column_shadow=\u00bbnone\u00bb column_border_radius=\u00bbnone\u00bb width=\u00bb1\/1&#8243; column_border_width=\u00bbnone\u00bb column_border_style=\u00bbsolid\u00bb][nectar_btn size=\u00bblarge\u00bb open_new_tab=\u00bbtrue\u00bb button_style=\u00bbsee-through-3&#8243; color_override=\u00bb#ffffff\u00bb hover_text_color_override=\u00bb#ffffff\u00bb icon_family=\u00bbnone\u00bb url=\u00bbhttps:\/\/policia.edu.co\/memoria\/index.php\/2020\/06\/16\/documentales\/\u00bb text=\u00bbNext post\u00bb][\/vc_column_inner][\/vc_row_inner][\/vc_column][\/vc_row]\n","protected":false},"excerpt":{"rendered":"<p>[vc_row type=\u00bbin_container\u00bb full_screen_row_position=\u00bbmiddle\u00bb scene_position=\u00bbcenter\u00bb text_color=\u00bbdark\u00bb text_align=\u00bbleft\u00bb overlay_strength=\u00bb0.3&#8243; shape_divider_position=\u00bbbottom\u00bb][vc_column column_padding=\u00bbno-extra-padding\u00bb column_padding_position=\u00bball\u00bb background_color_opacity=\u00bb1&#8243; background_hover_color_opacity=\u00bb1&#8243; column_shadow=\u00bbnone\u00bb column_border_radius=\u00bbnone\u00bb width=\u00bb1\/1&#8243; tablet_text_alignment=\u00bbdefault\u00bb phone_text_alignment=\u00bbdefault\u00bb column_border_width=\u00bbnone\u00bb column_border_style=\u00bbsolid\u00bb][vc_custom_heading text=\u00bbINICIATIVA DE MEMORIA \u00abUN DOLOR GUARDADO EN EL CORAZ\u00d3N\u00ab\u00bb font_container=\u00bbtag:h2|text_align:center\u00bb use_theme_fonts=\u00bbyes\u00bb][\/vc_column][\/vc_row][vc_row&#8230;<\/p>\n","protected":false},"author":2,"featured_media":0,"parent":0,"menu_order":0,"comment_status":"closed","ping_status":"closed","template":"","meta":[],"_links":{"self":[{"href":"https:\/\/policia.edu.co\/memoria\/index.php\/wp-json\/wp\/v2\/pages\/1903"}],"collection":[{"href":"https:\/\/policia.edu.co\/memoria\/index.php\/wp-json\/wp\/v2\/pages"}],"about":[{"href":"https:\/\/policia.edu.co\/memoria\/index.php\/wp-json\/wp\/v2\/types\/page"}],"author":[{"embeddable":true,"href":"https:\/\/policia.edu.co\/memoria\/index.php\/wp-json\/wp\/v2\/users\/2"}],"replies":[{"embeddable":true,"href":"https:\/\/policia.edu.co\/memoria\/index.php\/wp-json\/wp\/v2\/comments?post=1903"}],"version-history":[{"count":32,"href":"https:\/\/policia.edu.co\/memoria\/index.php\/wp-json\/wp\/v2\/pages\/1903\/revisions"}],"predecessor-version":[{"id":2661,"href":"https:\/\/policia.edu.co\/memoria\/index.php\/wp-json\/wp\/v2\/pages\/1903\/revisions\/2661"}],"wp:attachment":[{"href":"https:\/\/policia.edu.co\/memoria\/index.php\/wp-json\/wp\/v2\/media?parent=1903"}],"curies":[{"name":"wp","href":"https:\/\/api.w.org\/{rel}","templated":true}]}}