{"id":24,"date":"2020-03-04T13:38:06","date_gmt":"2020-03-04T13:38:06","guid":{"rendered":"https:\/\/policia.edu.co\/memoria\/?page_id=24"},"modified":"2025-02-24T16:24:50","modified_gmt":"2025-02-24T16:24:50","slug":"nosotros","status":"publish","type":"page","link":"https:\/\/policia.edu.co\/memoria\/index.php\/nosotros\/","title":{"rendered":"Nosotros"},"content":{"rendered":"[vc_row type=\u00bbin_container\u00bb full_screen_row_position=\u00bbmiddle\u00bb scene_position=\u00bbcenter\u00bb text_color=\u00bbdark\u00bb text_align=\u00bbleft\u00bb disable_element=\u00bbyes\u00bb overlay_strength=\u00bb0.3&#8243; shape_divider_position=\u00bbbottom\u00bb shape_type=\u00bb\u00bb][vc_column column_padding=\u00bbno-extra-padding\u00bb column_padding_position=\u00bball\u00bb background_color_opacity=\u00bb1&#8243; background_hover_color_opacity=\u00bb1&#8243; column_shadow=\u00bbnone\u00bb column_border_radius=\u00bbnone\u00bb width=\u00bb1\/1&#8243; tablet_text_alignment=\u00bbdefault\u00bb phone_text_alignment=\u00bbdefault\u00bb column_border_width=\u00bbnone\u00bb column_border_style=\u00bbsolid\u00bb]<div class=\"divider-wrap\"><div style=\"height: 25px;\" class=\"divider\"><\/div><\/div>[\/vc_column][\/vc_row][vc_row type=\u00bbfull_width_background\u00bb full_screen_row_position=\u00bbmiddle\u00bb mouse_based_parallax_bg=\u00bbtrue\u00bb scene_position=\u00bbcenter\u00bb text_color=\u00bbdark\u00bb text_align=\u00bbcenter\u00bb top_padding=\u00bb0&#8243; bottom_padding=\u00bb0&#8243; overlay_strength=\u00bb0.3&#8243; shape_divider_position=\u00bbbottom\u00bb shape_type=\u00bb\u00bb][vc_column column_padding=\u00bbno-extra-padding\u00bb column_padding_position=\u00bball\u00bb background_color_opacity=\u00bb1&#8243; background_hover_color_opacity=\u00bb1&#8243; column_shadow=\u00bbnone\u00bb column_border_radius=\u00bbnone\u00bb width=\u00bb1\/1&#8243; tablet_text_alignment=\u00bbdefault\u00bb phone_text_alignment=\u00bbdefault\u00bb column_border_width=\u00bbnone\u00bb column_border_style=\u00bbsolid\u00bb]<div style=\"height: 725px\" data-midnight=\"nectar-slider\" class=\"parallax_slider_outer \"><div style=\"height: 725px\"  data-transition=\"slide\" data-overall_style=\"classic\" data-flexible-height=\"true\" data-animate-in-effect=\"none\" data-fullscreen=\"false\" data-button-sizing=\"regular\" data-button-styling=\"btn_with_count\" data-autorotate=\"5000\" data-parallax=\"true\" data-full-width=\"true\" class=\"nectar-slider-wrap \" id=\"ns-id-69d292d78faae\">\r\n\t\t\t<div style=\"height: 725px\" class=\"swiper-container\"  data-tho=\"auto\" data-tco=\"auto\" data-pho=\"auto\" data-pco=\"auto\" data-loop=\"false\" data-height=\"725\" data-min-height=\"250\" data-arrows=\"true\" data-bullets=\"false\" data-bullet_style=\"see_through\" data-desktop-swipe=\"false\" data-settings=\"\">\r\n\t\t\t\t    <div class=\"swiper-wrapper\"><div class=\"swiper-slide\" data-bg-alignment=\"center\" data-color-scheme=\"dark\" data-x-pos=\"left\" data-y-pos=\"middle\"> \r\n\t\t\t\t\t\t\t\t<div class=\"image-bg\" style=\"background-image: url(https:\/\/policia.edu.co\/memoria\/wp-content\/uploads\/2024\/10\/DSC_0062-scaled.jpg);\"> &nbsp; <\/div><div class=\"video-texture \"> <span class=\"ie-fix\"><\/span> <\/div><\/div><!--\/swiper-slide--><div class=\"swiper-slide\" data-bg-alignment=\"center\" data-color-scheme=\"dark\" data-x-pos=\"left\" data-y-pos=\"middle\"> \r\n\t\t\t\t\t\t\t\t<div class=\"image-bg\" style=\"background-image: url(https:\/\/policia.edu.co\/memoria\/wp-content\/uploads\/2024\/10\/IMG_7428-scaled.jpg);\"> &nbsp; <\/div><div class=\"video-texture \"> <span class=\"ie-fix\"><\/span> <\/div><\/div><!--\/swiper-slide--><div class=\"swiper-slide\" data-bg-alignment=\"center\" data-color-scheme=\"dark\" data-x-pos=\"left\" data-y-pos=\"middle\"> \r\n\t\t\t\t\t\t\t\t<div class=\"image-bg\" style=\"background-image: url(https:\/\/policia.edu.co\/memoria\/wp-content\/uploads\/2025\/09\/DSC_0014-scaled.jpg);\"> &nbsp; <\/div><div class=\"video-texture \"> <span class=\"ie-fix\"><\/span> <\/div><\/div><!--\/swiper-slide--><\/div><a href=\"\" class=\"slider-prev\"><i class=\"icon-salient-left-arrow\"><\/i> <div class=\"slide-count\"> <span class=\"slide-current\">1<\/span> <i class=\"icon-salient-right-line\"><\/i> <span class=\"slide-total\"><\/span> <\/div> <\/a>\r\n\t\t\t\t     \t\t<a href=\"\" class=\"slider-next\"><i class=\"icon-salient-right-arrow\"><\/i> <div class=\"slide-count\"> <span class=\"slide-current\">1<\/span> <i class=\"icon-salient-right-line\"><\/i> <span class=\"slide-total\"><\/span> <\/div> <\/a><div class=\"nectar-slider-loading \"> <span class=\"loading-icon none\">   <\/span> <\/div> <\/div> \r\n\t\t\t\t\r\n\t\t\t<\/div><\/div>[\/vc_column][\/vc_row][vc_row type=\u00bbin_container\u00bb full_screen_row_position=\u00bbmiddle\u00bb scene_position=\u00bbcenter\u00bb text_color=\u00bbdark\u00bb text_align=\u00bbleft\u00bb overlay_strength=\u00bb0.3&#8243; shape_divider_position=\u00bbbottom\u00bb][vc_column column_padding=\u00bbno-extra-padding\u00bb column_padding_position=\u00bball\u00bb background_color_opacity=\u00bb1&#8243; background_hover_color_opacity=\u00bb1&#8243; column_shadow=\u00bbnone\u00bb column_border_radius=\u00bbnone\u00bb width=\u00bb1\/1&#8243; tablet_text_alignment=\u00bbdefault\u00bb phone_text_alignment=\u00bbdefault\u00bb column_border_width=\u00bbnone\u00bb column_border_style=\u00bbsolid\u00bb]<div class=\"divider-wrap\"><div style=\"height: 25px;\" class=\"divider\"><\/div><\/div>[\/vc_column][\/vc_row][vc_row type=\u00bbin_container\u00bb full_screen_row_position=\u00bbmiddle\u00bb scene_position=\u00bbcenter\u00bb text_color=\u00bbdark\u00bb text_align=\u00bbleft\u00bb overlay_strength=\u00bb0.3&#8243; shape_divider_position=\u00bbbottom\u00bb][vc_column column_padding=\u00bbno-extra-padding\u00bb column_padding_position=\u00bball\u00bb background_color_opacity=\u00bb1&#8243; background_hover_color_opacity=\u00bb1&#8243; column_shadow=\u00bbnone\u00bb column_border_radius=\u00bbnone\u00bb width=\u00bb1\/1&#8243; tablet_text_alignment=\u00bbdefault\u00bb phone_text_alignment=\u00bbdefault\u00bb column_border_width=\u00bbnone\u00bb column_border_style=\u00bbsolid\u00bb]\r\n    <div class=\"col span_12 section-title text-align-center extra-padding\">\r\n\t\t<h2>\r\n<h2 class=\"vc_custom_heading\">\u00c1rea de V\u00edctimas y\u00a0Memoria Hist\u00f3rica<\/h2>\r\n<\/h2><p>Es la dependencia de la Unidad Policial para la Edificaci\u00f3n de la Paz, encargada de liderar, coordinar y articular acciones institucionales para la construcci\u00f3n de la memoria hist\u00f3rica, as\u00ed como dinamizar la l\u00ednea de acci\u00f3n institucional frente a la atenci\u00f3n a los polic\u00edas v\u00edctimas del conflicto armado interno.<\/p><\/div><div class=\"clear\"><\/div>[\/vc_column][\/vc_row][vc_row type=\u00bbin_container\u00bb full_screen_row_position=\u00bbmiddle\u00bb scene_position=\u00bbcenter\u00bb text_color=\u00bbdark\u00bb text_align=\u00bbleft\u00bb overlay_strength=\u00bb0.3&#8243; shape_divider_position=\u00bbbottom\u00bb][vc_column column_padding=\u00bbno-extra-padding\u00bb column_padding_position=\u00bball\u00bb background_color_opacity=\u00bb1&#8243; background_hover_color_opacity=\u00bb1&#8243; column_shadow=\u00bbnone\u00bb column_border_radius=\u00bbnone\u00bb width=\u00bb1\/1&#8243; tablet_text_alignment=\u00bbdefault\u00bb phone_text_alignment=\u00bbdefault\u00bb column_border_width=\u00bbnone\u00bb column_border_style=\u00bbsolid\u00bb]<div class=\"divider-wrap\"><div style=\"height: 25px;\" class=\"divider\"><\/div><\/div>[vc_row_inner column_margin=\u00bbdefault\u00bb text_align=\u00bbleft\u00bb][vc_column_inner enable_animation=\u00bbtrue\u00bb animation=\u00bbfade-in-from-bottom\u00bb column_padding=\u00bbno-extra-padding\u00bb column_padding_position=\u00bball\u00bb centered_text=\u00bbtrue\u00bb background_color_opacity=\u00bb1&#8243; background_hover_color_opacity=\u00bb1&#8243; column_shadow=\u00bbnone\u00bb column_border_radius=\u00bbnone\u00bb width=\u00bb1\/1&#8243; column_border_width=\u00bbnone\u00bb column_border_style=\u00bbsolid\u00bb][\/vc_column_inner][\/vc_row_inner][vc_row_inner column_margin=\u00bbdefault\u00bb text_align=\u00bbleft\u00bb][vc_column_inner enable_animation=\u00bbtrue\u00bb animation=\u00bbfade-in-from-bottom\u00bb column_padding=\u00bbno-extra-padding\u00bb column_padding_position=\u00bball\u00bb background_color_opacity=\u00bb1&#8243; background_hover_color_opacity=\u00bb1&#8243; column_shadow=\u00bbnone\u00bb column_border_radius=\u00bbnone\u00bb width=\u00bb1\/2&#8243; column_border_width=\u00bbnone\u00bb column_border_style=\u00bbsolid\u00bb][\/vc_column_inner][\/vc_row_inner][vc_row_inner column_margin=\u00bbdefault\u00bb text_align=\u00bbleft\u00bb][vc_column_inner enable_animation=\u00bbtrue\u00bb animation=\u00bbfade-in-from-bottom\u00bb column_padding=\u00bbno-extra-padding\u00bb column_padding_position=\u00bball\u00bb background_color_opacity=\u00bb1&#8243; background_hover_color_opacity=\u00bb1&#8243; column_shadow=\u00bbnone\u00bb column_border_radius=\u00bbnone\u00bb width=\u00bb1\/2&#8243; column_border_width=\u00bbnone\u00bb column_border_style=\u00bbsolid\u00bb][vc_column_text css=\u00bb.vc_custom_1594051472406{margin-top: -8px !important;margin-bottom: -8px !important;}\u00bb]\r\n<h2 class=\"vc_custom_heading\" style=\"text-align: left;\">Nuestra Instituci\u00f3n:<\/h2>\r\n[\/vc_column_text][nectar_horizontal_list_item columns=\u00bb2&#8243; column_layout_using_2_columns=\u00bbxlarge_first\u00bb col_1_text_align=\u00bbleft\u00bb col_2_text_align=\u00bbleft\u00bb cta_1_open_new_tab=\u00bbtrue\u00bb font_family=\u00bbh4&#8243; hover_color=\u00bbblack\u00bb col_1_content=\u00bbPolic\u00eda Nacional, v\u00edctimas en el conflicto armado interno\u00bb cta_1_text=\u00bbIR\u00bb cta_1_url=\u00bbhttps:\/\/www.policia.gov.co\/unipep-victimas\u00bb][nectar_horizontal_list_item columns=\u00bb2&#8243; column_layout_using_2_columns=\u00bbxlarge_first\u00bb col_1_text_align=\u00bbleft\u00bb col_2_text_align=\u00bbleft\u00bb cta_1_open_new_tab=\u00bbtrue\u00bb font_family=\u00bbh4&#8243; open_new_tab=\u00bbtrue\u00bb hover_color=\u00bbblack\u00bb col_1_content=\u00bbAcademia de Historia Policial\u00bb cta_1_text=\u00bbIR\u00bb cta_1_url=\u00bbhttps:\/\/www.policia.gov.co\/historia\/academia\u00bb]<div class=\"divider-wrap\"><div style=\"height: 25px;\" class=\"divider\"><\/div><\/div><div class=\"divider-wrap\"><div style=\"height: 25px;\" class=\"divider\"><\/div><\/div>[vc_column_text css=\u00bb.vc_custom_1594052000727{margin-top: -8px !important;margin-bottom: -8px !important;}\u00bb]\r\n<h2 class=\"vc_custom_heading\" style=\"text-align: left;\">Entidades Aliadas:<\/h2>\r\n[\/vc_column_text][nectar_horizontal_list_item columns=\u00bb2&#8243; column_layout_using_2_columns=\u00bbxlarge_first\u00bb col_1_text_align=\u00bbleft\u00bb col_2_text_align=\u00bbleft\u00bb cta_1_open_new_tab=\u00bbtrue\u00bb font_family=\u00bbh4&#8243; hover_color=\u00bbblack\u00bb col_1_content=\u00bbCentro Nacional de Memoria Hist\u00f3rica\u00bb cta_1_text=\u00bbIR\u00bb cta_1_url=\u00bbhttp:\/\/centrodememoriahistorica.gov.co\/\u00bb][nectar_horizontal_list_item columns=\u00bb2&#8243; column_layout_using_2_columns=\u00bbxlarge_first\u00bb col_1_text_align=\u00bbleft\u00bb col_2_text_align=\u00bbleft\u00bb cta_1_open_new_tab=\u00bbtrue\u00bb font_family=\u00bbh4&#8243; hover_color=\u00bbblack\u00bb col_1_content=\u00bbComando Conjunto Estrat\u00e9gico de Transici\u00f3n \u00bb cta_1_text=\u00bbIR\u00bb cta_1_url=\u00bbhttps:\/\/www.cgfm.mil.co\/es\/memoria-historica-y-contexto\u00bb][nectar_horizontal_list_item columns=\u00bb2&#8243; column_layout_using_2_columns=\u00bbxlarge_first\u00bb col_1_text_align=\u00bbleft\u00bb col_2_text_align=\u00bbleft\u00bb cta_1_open_new_tab=\u00bbtrue\u00bb font_family=\u00bbh4&#8243; open_new_tab=\u00bbtrue\u00bb hover_color=\u00bbblack\u00bb col_1_content=\u00bbCentro de Memoria, Paz y Reconciaci\u00f3n\u00bb cta_1_text=\u00bbIR\u00bb cta_1_url=\u00bbhttp:\/\/centromemoria.gov.co\/\u00bb][nectar_horizontal_list_item columns=\u00bb2&#8243; column_layout_using_2_columns=\u00bbxlarge_first\u00bb col_1_text_align=\u00bbleft\u00bb col_2_text_align=\u00bbleft\u00bb cta_1_open_new_tab=\u00bbtrue\u00bb font_family=\u00bbh4&#8243; open_new_tab=\u00bbtrue\u00bb hover_color=\u00bbblack\u00bb col_1_content=\u00bbComisi\u00f3n de la Verdad\u00bb cta_1_text=\u00bbIR\u00bb cta_1_url=\u00bbhttps:\/\/comisiondelaverdad.co\/\u00bb]<div class=\"divider-wrap\"><div style=\"height: 25px;\" class=\"divider\"><\/div><\/div><div class=\"divider-wrap\"><div style=\"height: 25px;\" class=\"divider\"><\/div><\/div>[vc_column_text css=\u00bb.vc_custom_1594051992122{margin-top: -8px !important;margin-bottom: -8px !important;}\u00bb]\r\n<h2 class=\"vc_custom_heading\" style=\"text-align: left;\">Sistemas Aliados:<\/h2>\r\n[\/vc_column_text][nectar_horizontal_list_item columns=\u00bb2&#8243; column_layout_using_2_columns=\u00bbxlarge_first\u00bb col_1_text_align=\u00bbleft\u00bb col_2_text_align=\u00bbleft\u00bb cta_1_open_new_tab=\u00bbtrue\u00bb font_family=\u00bbh4&#8243; hover_color=\u00bbblack\u00bb col_1_content=\u00bbSistema Integral de Verdad, Justicia, Reparaci\u00f3n y No Repetici\u00f3n \u00bb cta_1_text=\u00bbIR\u00bb cta_1_url=\u00bbhttps:\/\/www.jep.gov.co\/Paginas\/Inicio.aspx\u00bb][\/vc_column_inner][vc_column_inner column_padding=\u00bbno-extra-padding\u00bb column_padding_position=\u00bball\u00bb background_color_opacity=\u00bb1&#8243; background_hover_color_opacity=\u00bb1&#8243; column_shadow=\u00bbnone\u00bb column_border_radius=\u00bbnone\u00bb width=\u00bb1\/2&#8243; column_border_width=\u00bbnone\u00bb column_border_style=\u00bbsolid\u00bb]<div class=\"img-with-aniamtion-wrap \" data-max-width=\"100%\" data-border-radius=\"none\"><div class=\"inner\"><img data-shadow=\"none\" data-shadow-direction=\"middle\" class=\"img-with-animation \" data-delay=\"0\" height=\"1707\" width=\"2560\" data-animation=\"fade-in\" src=\"https:\/\/policia.edu.co\/memoria\/wp-content\/uploads\/2024\/10\/DSC_0093-scaled.jpg\" srcset=\"https:\/\/policia.edu.co\/memoria\/wp-content\/uploads\/2024\/10\/DSC_0093-scaled.jpg 2560w, https:\/\/policia.edu.co\/memoria\/wp-content\/uploads\/2024\/10\/DSC_0093-300x200.jpg 300w, https:\/\/policia.edu.co\/memoria\/wp-content\/uploads\/2024\/10\/DSC_0093-1024x683.jpg 1024w, https:\/\/policia.edu.co\/memoria\/wp-content\/uploads\/2024\/10\/DSC_0093-768x512.jpg 768w, https:\/\/policia.edu.co\/memoria\/wp-content\/uploads\/2024\/10\/DSC_0093-1536x1024.jpg 1536w, https:\/\/policia.edu.co\/memoria\/wp-content\/uploads\/2024\/10\/DSC_0093-2048x1365.jpg 2048w, https:\/\/policia.edu.co\/memoria\/wp-content\/uploads\/2024\/10\/DSC_0093-900x600.jpg 900w\" sizes=\"100vw\" alt=\"\" \/><\/div><\/div>[\/vc_column_inner][\/vc_row_inner][vc_row_inner column_margin=\u00bbdefault\u00bb text_align=\u00bbleft\u00bb][vc_column_inner enable_animation=\u00bbtrue\u00bb animation=\u00bbfade-in-from-bottom\u00bb column_padding=\u00bbno-extra-padding\u00bb column_padding_position=\u00bball\u00bb background_color_opacity=\u00bb1&#8243; background_hover_color_opacity=\u00bb1&#8243; column_shadow=\u00bbnone\u00bb column_border_radius=\u00bbnone\u00bb width=\u00bb1\/2&#8243; column_border_width=\u00bbnone\u00bb column_border_style=\u00bbsolid\u00bb][\/vc_column_inner][\/vc_row_inner]<div class=\"divider-wrap\"><div style=\"height: 25px;\" class=\"divider\"><\/div><\/div>[vc_column_text css=\u00bb.vc_custom_1590694711461{margin-top: -8px !important;margin-bottom: -8px !important;}\u00bb]\r\n<h2 class=\"vc_custom_heading\" style=\"text-align: left;\">Cont\u00e1ctenos:<\/h2>\r\n[\/vc_column_text]<div class=\"divider-wrap\"><div style=\"height: 25px;\" class=\"divider\"><\/div><\/div>[vc_column_text css=\u00bb.vc_custom_1728420723123{margin-top: -8px !important;margin-bottom: -8px !important;}\u00bb]\r\n<h2 class=\"vc_custom_heading\" style=\"text-align: center;\">Unidad Policial para la Edificaci\u00f3n de la Paz<\/h2>\r\n[\/vc_column_text][vc_column_text css_animation=\u00bbrotateInUpRight\u00bb]\r\n<p><\/p>\r\n<p>&nbsp;<\/p>\r\n<p><\/p>\r\n<p><!-- \/wp:paragraph --><\/p>\r\n<p><!-- \/wp:paragraph --><\/p>\r\n<p style=\"text-align: center;\">Atenci\u00f3n administrativa: lunes a viernes de 8:00 am &#8211; 12:00 pm y 2:00 pm &#8211; 5:00 pm<\/p>\r\n<p style=\"text-align: center;\">L\u00ednea de Atenci\u00f3n al Ciudadano: (601) 580 3390 extensi\u00f3n 89035<\/p>\r\n<p style=\"text-align: center;\">L\u00ednea de Atenci\u00f3n a V\u00edctimas: 322 701 0931<\/p>\r\n<p style=\"text-align: center;\">Correos electr\u00f3nicos: sudir.unipep-jf@policia.gov.co &#8211; sudir.unipep-av@policia.gov.co<\/p>\r\n<p style=\"text-align: center;\">Direcci\u00f3n: Calle 17 N\u00b0 65B-99 Tercer Piso &#8211; Bogot\u00e1 D.C.<\/p>\r\n<p>&nbsp;<\/p>\r\n<p style=\"text-align: center;\"><!-- \/wp:paragraph --><\/p>\r\n[\/vc_column_text]<div class=\"divider-wrap\"><div style=\"height: 25px;\" class=\"divider\"><\/div><\/div>[\/vc_column][\/vc_row]","protected":false},"excerpt":{"rendered":"<p>[vc_row type=\u00bbin_container\u00bb full_screen_row_position=\u00bbmiddle\u00bb scene_position=\u00bbcenter\u00bb text_color=\u00bbdark\u00bb text_align=\u00bbleft\u00bb disable_element=\u00bbyes\u00bb overlay_strength=\u00bb0.3&#8243; shape_divider_position=\u00bbbottom\u00bb shape_type=\u00bb\u00bb][vc_column column_padding=\u00bbno-extra-padding\u00bb column_padding_position=\u00bball\u00bb background_color_opacity=\u00bb1&#8243; background_hover_color_opacity=\u00bb1&#8243; column_shadow=\u00bbnone\u00bb column_border_radius=\u00bbnone\u00bb width=\u00bb1\/1&#8243; tablet_text_alignment=\u00bbdefault\u00bb phone_text_alignment=\u00bbdefault\u00bb column_border_width=\u00bbnone\u00bb column_border_style=\u00bbsolid\u00bb][\/vc_column][\/vc_row][vc_row type=\u00bbfull_width_background\u00bb full_screen_row_position=\u00bbmiddle\u00bb mouse_based_parallax_bg=\u00bbtrue\u00bb scene_position=\u00bbcenter\u00bb text_color=\u00bbdark\u00bb text_align=\u00bbcenter\u00bb top_padding=\u00bb0&#8243; bottom_padding=\u00bb0&#8243; overlay_strength=\u00bb0.3&#8243;&#8230;<\/p>\n","protected":false},"author":2,"featured_media":0,"parent":0,"menu_order":0,"comment_status":"closed","ping_status":"closed","template":"","meta":[],"_links":{"self":[{"href":"https:\/\/policia.edu.co\/memoria\/index.php\/wp-json\/wp\/v2\/pages\/24"}],"collection":[{"href":"https:\/\/policia.edu.co\/memoria\/index.php\/wp-json\/wp\/v2\/pages"}],"about":[{"href":"https:\/\/policia.edu.co\/memoria\/index.php\/wp-json\/wp\/v2\/types\/page"}],"author":[{"embeddable":true,"href":"https:\/\/policia.edu.co\/memoria\/index.php\/wp-json\/wp\/v2\/users\/2"}],"replies":[{"embeddable":true,"href":"https:\/\/policia.edu.co\/memoria\/index.php\/wp-json\/wp\/v2\/comments?post=24"}],"version-history":[{"count":47,"href":"https:\/\/policia.edu.co\/memoria\/index.php\/wp-json\/wp\/v2\/pages\/24\/revisions"}],"predecessor-version":[{"id":2428,"href":"https:\/\/policia.edu.co\/memoria\/index.php\/wp-json\/wp\/v2\/pages\/24\/revisions\/2428"}],"wp:attachment":[{"href":"https:\/\/policia.edu.co\/memoria\/index.php\/wp-json\/wp\/v2\/media?parent=24"}],"curies":[{"name":"wp","href":"https:\/\/api.w.org\/{rel}","templated":true}]}}